{"id":182,"date":"2025-05-07T07:56:07","date_gmt":"2025-05-07T07:56:07","guid":{"rendered":"https:\/\/zelenitragovi.com.hr\/?page_id=182"},"modified":"2025-06-08T17:25:09","modified_gmt":"2025-06-08T17:25:09","slug":"umjetnosti-i-kultura-koje-mozete-posjetiti-u-osijeku","status":"publish","type":"page","link":"https:\/\/zelenitragovi.com.hr\/index.php\/sto-raditi-u-osijeku\/umjetnosti-i-kultura-koje-mozete-posjetiti-u-osijeku\/","title":{"rendered":"Umjetnosti i kultura"},"content":{"rendered":"\n<p><strong>Muzej Slavonije <\/strong>\u2013 lijep muzej u Osijeku sa zbirkama iz povijesti i arheologije, najve\u0107i i najstariji muzej u Slavoniji s bogatim zbirkama povijesti, arheologije i etnografije. Posebno zanimljive su zbirke vezane uz svakodnevni \u017eivot Slavonaca kroz stolje\u0107a.<\/p>\n\n\n<div class=\"wp-block-image is-style-default\">\n<figure class=\"aligncenter size-large is-resized\"><img loading=\"lazy\" decoding=\"async\" width=\"1024\" height=\"938\" src=\"https:\/\/zelenitragovi.com.hr\/wp-content\/uploads\/2025\/05\/Media-21-1024x938.jpg\" alt=\"\" class=\"wp-image-184\" style=\"width:521px;height:auto\" srcset=\"https:\/\/zelenitragovi.com.hr\/wp-content\/uploads\/2025\/05\/Media-21-1024x938.jpg 1024w, https:\/\/zelenitragovi.com.hr\/wp-content\/uploads\/2025\/05\/Media-21-300x275.jpg 300w, https:\/\/zelenitragovi.com.hr\/wp-content\/uploads\/2025\/05\/Media-21-768x703.jpg 768w, https:\/\/zelenitragovi.com.hr\/wp-content\/uploads\/2025\/05\/Media-21.jpg 1504w\" sizes=\"auto, (max-width: 1024px) 100vw, 1024px\" \/><\/figure>\n<\/div>\n\n\n<p><strong>Muzej likovnih umjetnosti<\/strong> \u2013 najpoznatiji muzej u Osijeku &#8211; najva\u017eniji muzej likovne umjetnosti u regiji s djelima hrvatskih i europskih umjetnika.<\/p>\n\n\n\n<p><strong>Galerija Waldinger<\/strong> \u2013 krasno ure\u0111ena galerija u Tvr\u0111i s puno radionica, smje\u0161taj u osje\u010dkoj Tvr\u0111i, ova galerija nudi izlo\u017ebe suvremenih umjetnika i \u010desto organizira radionice i umjetni\u010dke susrete.<\/p>\n\n\n\n<p><strong>Arheolo\u0161ki muzej Osijek<\/strong> \u2013 dio Muzeja Slavonije, posve\u0107en arheolo\u0161kim nalazima s podru\u010dja Slavonije i Baranje.<\/p>\n\n\n\n<figure class=\"wp-block-gallery has-nested-images columns-default is-cropped wp-block-gallery-1 is-layout-flex wp-block-gallery-is-layout-flex\">\n<figure class=\"wp-block-image size-large\"><img loading=\"lazy\" decoding=\"async\" width=\"1024\" height=\"768\" data-id=\"781\" src=\"https:\/\/zelenitragovi.com.hr\/wp-content\/uploads\/2025\/06\/shared-image-35-1024x768.jpg\" alt=\"\" class=\"wp-image-781\" srcset=\"https:\/\/zelenitragovi.com.hr\/wp-content\/uploads\/2025\/06\/shared-image-35-1024x768.jpg 1024w, https:\/\/zelenitragovi.com.hr\/wp-content\/uploads\/2025\/06\/shared-image-35-300x225.jpg 300w, https:\/\/zelenitragovi.com.hr\/wp-content\/uploads\/2025\/06\/shared-image-35-768x576.jpg 768w, https:\/\/zelenitragovi.com.hr\/wp-content\/uploads\/2025\/06\/shared-image-35-1536x1152.jpg 1536w, https:\/\/zelenitragovi.com.hr\/wp-content\/uploads\/2025\/06\/shared-image-35.jpg 2040w\" sizes=\"auto, (max-width: 1024px) 100vw, 1024px\" \/><\/figure>\n\n\n\n<figure class=\"wp-block-image size-large\"><img loading=\"lazy\" decoding=\"async\" width=\"1024\" height=\"768\" data-id=\"783\" src=\"https:\/\/zelenitragovi.com.hr\/wp-content\/uploads\/2025\/06\/shared-image-33-1024x768.jpg\" alt=\"\" class=\"wp-image-783\" srcset=\"https:\/\/zelenitragovi.com.hr\/wp-content\/uploads\/2025\/06\/shared-image-33-1024x768.jpg 1024w, https:\/\/zelenitragovi.com.hr\/wp-content\/uploads\/2025\/06\/shared-image-33-300x225.jpg 300w, https:\/\/zelenitragovi.com.hr\/wp-content\/uploads\/2025\/06\/shared-image-33-768x576.jpg 768w, https:\/\/zelenitragovi.com.hr\/wp-content\/uploads\/2025\/06\/shared-image-33-1536x1152.jpg 1536w, https:\/\/zelenitragovi.com.hr\/wp-content\/uploads\/2025\/06\/shared-image-33.jpg 1600w\" sizes=\"auto, (max-width: 1024px) 100vw, 1024px\" \/><\/figure>\n\n\n\n<figure class=\"wp-block-image size-large\"><img loading=\"lazy\" decoding=\"async\" width=\"1024\" height=\"768\" data-id=\"782\" src=\"https:\/\/zelenitragovi.com.hr\/wp-content\/uploads\/2025\/06\/shared-image-32-1024x768.jpg\" alt=\"\" class=\"wp-image-782\" srcset=\"https:\/\/zelenitragovi.com.hr\/wp-content\/uploads\/2025\/06\/shared-image-32-1024x768.jpg 1024w, https:\/\/zelenitragovi.com.hr\/wp-content\/uploads\/2025\/06\/shared-image-32-300x225.jpg 300w, https:\/\/zelenitragovi.com.hr\/wp-content\/uploads\/2025\/06\/shared-image-32-768x576.jpg 768w, https:\/\/zelenitragovi.com.hr\/wp-content\/uploads\/2025\/06\/shared-image-32-1536x1152.jpg 1536w, https:\/\/zelenitragovi.com.hr\/wp-content\/uploads\/2025\/06\/shared-image-32.jpg 1600w\" sizes=\"auto, (max-width: 1024px) 100vw, 1024px\" \/><\/figure>\n\n\n\n<figure class=\"wp-block-image size-large\"><img loading=\"lazy\" decoding=\"async\" width=\"1024\" height=\"724\" data-id=\"779\" src=\"https:\/\/zelenitragovi.com.hr\/wp-content\/uploads\/2025\/06\/shared-image-7-1.jpg\" alt=\"\" class=\"wp-image-779\" srcset=\"https:\/\/zelenitragovi.com.hr\/wp-content\/uploads\/2025\/06\/shared-image-7-1.jpg 1024w, https:\/\/zelenitragovi.com.hr\/wp-content\/uploads\/2025\/06\/shared-image-7-1-300x212.jpg 300w, https:\/\/zelenitragovi.com.hr\/wp-content\/uploads\/2025\/06\/shared-image-7-1-768x543.jpg 768w\" sizes=\"auto, (max-width: 1024px) 100vw, 1024px\" \/><\/figure>\n<\/figure>\n\n\n\n<div style=\"height:30px\" aria-hidden=\"true\" class=\"wp-block-spacer\"><\/div>\n\n\n\n<p><strong>HNK Osijek<\/strong> &#8211; glavno kazali\u0161te u Osijeku s bogatim repertoarom drama, opera i baleta. Preporuka: provjeriti predstave tijekom Osje\u010dkog ljeta kulture.<\/p>\n\n\n\n<figure class=\"wp-block-image size-large\"><img loading=\"lazy\" decoding=\"async\" width=\"1024\" height=\"640\" src=\"https:\/\/zelenitragovi.com.hr\/wp-content\/uploads\/2025\/06\/IMG_20250506_155314-1024x640.jpg\" alt=\"\" class=\"wp-image-786\" srcset=\"https:\/\/zelenitragovi.com.hr\/wp-content\/uploads\/2025\/06\/IMG_20250506_155314-1024x640.jpg 1024w, https:\/\/zelenitragovi.com.hr\/wp-content\/uploads\/2025\/06\/IMG_20250506_155314-300x188.jpg 300w, https:\/\/zelenitragovi.com.hr\/wp-content\/uploads\/2025\/06\/IMG_20250506_155314-768x480.jpg 768w, https:\/\/zelenitragovi.com.hr\/wp-content\/uploads\/2025\/06\/IMG_20250506_155314-1536x961.jpg 1536w, https:\/\/zelenitragovi.com.hr\/wp-content\/uploads\/2025\/06\/IMG_20250506_155314-2048x1281.jpg 2048w\" sizes=\"auto, (max-width: 1024px) 100vw, 1024px\" \/><\/figure>\n\n\n\n<div style=\"height:30px\" aria-hidden=\"true\" class=\"wp-block-spacer\"><\/div>\n\n\n\n<p><strong>Galerija Kazamat<\/strong> &#8211; prostor suvremene umjetnosti gdje se odr\u017eavaju izlo\u017ebe, performansi i alternativni umjetni\u010dki doga\u0111aji.<\/p>\n\n\n\n<p><strong>Kazali\u0161te lutaka Osijek<\/strong> \u2013 idealno za obitelji s djecom, ali i za one koji vole lutkarske predstave. Tako\u0111er je doma\u0107in me\u0111unarodnog festivala lutkarstva.<\/p>\n\n\n\n<p><strong>Gradska i sveu\u010dili\u0161na knji\u017enica Osijek<\/strong> \u2013 osim bogatog knji\u017enog fonda, \u010desto organizira knji\u017eevne ve\u010deri, predavanja i kreativne radionice.<\/p>\n\n\n\n<figure class=\"wp-block-image size-large\"><img loading=\"lazy\" decoding=\"async\" width=\"1024\" height=\"817\" src=\"https:\/\/zelenitragovi.com.hr\/wp-content\/uploads\/2025\/06\/IMG_20250506_153355-1024x817.jpg\" alt=\"\" class=\"wp-image-773\" srcset=\"https:\/\/zelenitragovi.com.hr\/wp-content\/uploads\/2025\/06\/IMG_20250506_153355-1024x817.jpg 1024w, https:\/\/zelenitragovi.com.hr\/wp-content\/uploads\/2025\/06\/IMG_20250506_153355-300x239.jpg 300w, https:\/\/zelenitragovi.com.hr\/wp-content\/uploads\/2025\/06\/IMG_20250506_153355-768x613.jpg 768w, https:\/\/zelenitragovi.com.hr\/wp-content\/uploads\/2025\/06\/IMG_20250506_153355-1536x1226.jpg 1536w, https:\/\/zelenitragovi.com.hr\/wp-content\/uploads\/2025\/06\/IMG_20250506_153355-2048x1634.jpg 2048w\" sizes=\"auto, (max-width: 1024px) 100vw, 1024px\" \/><\/figure>\n\n\n\n<div style=\"height:30px\" aria-hidden=\"true\" class=\"wp-block-spacer\"><\/div>\n\n\n\n<p><em>Tekst pripremili u\u010denici Ekonomske i upravne \u0161kole Osijek. Autori fotografija u\u010denici Elektrotehni\u010dke i prometne \u0161kole Osijek.<\/em><\/p>\n","protected":false},"excerpt":{"rendered":"<p>Muzej Slavonije \u2013 lijep muzej u Osijeku sa zbirkama iz povijesti i arheologije, najve\u0107i i najstariji muzej u Slavoniji s bogatim zbirkama povijesti, arheologije i etnografije. Posebno zanimljive su zbirke vezane uz svakodnevni \u017eivot Slavonaca kroz stolje\u0107a. Muzej likovnih umjetnosti \u2013 najpoznatiji muzej u Osijeku &#8211; najva\u017eniji muzej likovne umjetnosti u regiji s djelima hrvatskih [&hellip;]<\/p>\n","protected":false},"author":3,"featured_media":0,"parent":157,"menu_order":0,"comment_status":"closed","ping_status":"closed","template":"","meta":{"footnotes":"[]"},"class_list":["post-182","page","type-page","status-publish","hentry"],"_links":{"self":[{"href":"https:\/\/zelenitragovi.com.hr\/index.php\/wp-json\/wp\/v2\/pages\/182","targetHints":{"allow":["GET"]}}],"collection":[{"href":"https:\/\/zelenitragovi.com.hr\/index.php\/wp-json\/wp\/v2\/pages"}],"about":[{"href":"https:\/\/zelenitragovi.com.hr\/index.php\/wp-json\/wp\/v2\/types\/page"}],"author":[{"embeddable":true,"href":"https:\/\/zelenitragovi.com.hr\/index.php\/wp-json\/wp\/v2\/users\/3"}],"replies":[{"embeddable":true,"href":"https:\/\/zelenitragovi.com.hr\/index.php\/wp-json\/wp\/v2\/comments?post=182"}],"version-history":[{"count":14,"href":"https:\/\/zelenitragovi.com.hr\/index.php\/wp-json\/wp\/v2\/pages\/182\/revisions"}],"predecessor-version":[{"id":788,"href":"https:\/\/zelenitragovi.com.hr\/index.php\/wp-json\/wp\/v2\/pages\/182\/revisions\/788"}],"up":[{"embeddable":true,"href":"https:\/\/zelenitragovi.com.hr\/index.php\/wp-json\/wp\/v2\/pages\/157"}],"wp:attachment":[{"href":"https:\/\/zelenitragovi.com.hr\/index.php\/wp-json\/wp\/v2\/media?parent=182"}],"curies":[{"name":"wp","href":"https:\/\/api.w.org\/{rel}","templated":true}]}}