{"id":2,"date":"2025-04-24T11:06:21","date_gmt":"2025-04-24T11:06:21","guid":{"rendered":"https:\/\/zelenitragovi.com.hr\/?page_id=2"},"modified":"2025-05-01T23:45:11","modified_gmt":"2025-05-01T23:45:11","slug":"o_projektu","status":"publish","type":"page","link":"https:\/\/zelenitragovi.com.hr\/index.php\/o_projektu\/","title":{"rendered":"O projektu"},"content":{"rendered":"\n<p>Projekt pod nazivom&nbsp;<strong>CSI: Zeleni tragovi pro\u0161losti<\/strong>&nbsp;odobren je od Ministarstva turizma i \u0161porta, a provodimo ga kao partneri s&nbsp;<strong>Ekonomskom i upravnom \u0161kolom Osijek<\/strong>.<\/p>\n\n\n\n<p><strong>Op\u0107i cilj\u00a0 projekta<\/strong>: Promocija i ja\u010danje kompetencija strukovnih i umjetni\u010dkih zanimanja za turizam.<\/p>\n\n\n\n<p>Projekt se temelji na na\u010delima odr\u017eivosti i ekolo\u0161ki prihvatljivim pristupima u turizmu, s ciljem smanjenja negativnog utjecaja na okoli\u0161. Kori\u0161tenje inovativnih tehnologija u sklopu projekta omogu\u0107it \u0107e razvoj turizma koji po\u0161tuje prirodne resurse, te doprinosi o\u010duvanju ekolo\u0161kih sustava.<\/p>\n\n\n\n<p>Projekt poti\u010de na kori\u0161tenje naprednih tehnologija koje omogu\u0107uju u\u010dinkovitije upravljanje resursima i smanjenje ekolo\u0161kog otiska u turisti\u010dkim destinacijama. Projekt ne samo da doprinosi smanjenju negativnih utjecaja turizma na okoli\u0161, ve\u0107 i promi\u010de odgovorno pona\u0161anje turista i lokalne zajednice prema prirodnom okru\u017eenju, \u010dine\u0107i destinaciju odr\u017eivijom i zanimljivijom za budu\u0107e generacije.<\/p>\n\n\n\n<p>Pridru\u017eeni partneri u ovom projektu su,&nbsp;<strong>Nextbike \u2013 Gradski prijevoz putnika d.o.o.<\/strong>&nbsp;i&nbsp;<strong>Turisti\u010dka zajednica grada Osijeka<\/strong>, koji su klju\u010dni za uspje\u0161nu provedbu ovog projekta. Njihova suradnja omogu\u0107it \u0107e primjenu ekolo\u0161ki prihvatljivih rje\u0161enja u urbanoj mobilnosti i turisti\u010dkim uslugama, \u010dime \u0107e se dodatno poduprijeti ciljevi odr\u017eivog razvoja.<\/p>\n\n\n\n<p>Sredstva za financiranje projekta odobrilo je Ministarstvo turizma i sporta u iznosu 10.980,00 eura.<\/p>\n\n\n\n<p>Zadani vremenski okvir za realizaciju projekta je&nbsp; od sije\u010dnja do lipnja 2025. godine.<\/p>\n\n\n<div class=\"wp-block-image\">\n<figure class=\"aligncenter size-large\"><img loading=\"lazy\" decoding=\"async\" width=\"1024\" height=\"1024\" src=\"https:\/\/zelenitragovi.com.hr\/wp-content\/uploads\/2025\/04\/logo-za-objavu-s-partnerima-1024x1024.jpg\" alt=\"\" class=\"wp-image-25\" srcset=\"https:\/\/zelenitragovi.com.hr\/wp-content\/uploads\/2025\/04\/logo-za-objavu-s-partnerima-1024x1024.jpg 1024w, https:\/\/zelenitragovi.com.hr\/wp-content\/uploads\/2025\/04\/logo-za-objavu-s-partnerima-300x300.jpg 300w, https:\/\/zelenitragovi.com.hr\/wp-content\/uploads\/2025\/04\/logo-za-objavu-s-partnerima-150x150.jpg 150w, https:\/\/zelenitragovi.com.hr\/wp-content\/uploads\/2025\/04\/logo-za-objavu-s-partnerima-768x768.jpg 768w, https:\/\/zelenitragovi.com.hr\/wp-content\/uploads\/2025\/04\/logo-za-objavu-s-partnerima-1536x1536.jpg 1536w, https:\/\/zelenitragovi.com.hr\/wp-content\/uploads\/2025\/04\/logo-za-objavu-s-partnerima.jpg 1600w\" sizes=\"auto, (max-width: 1024px) 100vw, 1024px\" \/><\/figure>\n<\/div>","protected":false},"excerpt":{"rendered":"<p>Projekt pod nazivom&nbsp;CSI: Zeleni tragovi pro\u0161losti&nbsp;odobren je od Ministarstva turizma i \u0161porta, a provodimo ga kao partneri s&nbsp;Ekonomskom i upravnom \u0161kolom Osijek. Op\u0107i cilj\u00a0 projekta: Promocija i ja\u010danje kompetencija strukovnih i umjetni\u010dkih zanimanja za turizam. Projekt se temelji na na\u010delima odr\u017eivosti i ekolo\u0161ki prihvatljivim pristupima u turizmu, s ciljem smanjenja negativnog utjecaja na okoli\u0161. Kori\u0161tenje [&hellip;]<\/p>\n","protected":false},"author":1,"featured_media":25,"parent":0,"menu_order":0,"comment_status":"closed","ping_status":"open","template":"","meta":{"footnotes":""},"class_list":["post-2","page","type-page","status-publish","has-post-thumbnail","hentry"],"_links":{"self":[{"href":"https:\/\/zelenitragovi.com.hr\/index.php\/wp-json\/wp\/v2\/pages\/2","targetHints":{"allow":["GET"]}}],"collection":[{"href":"https:\/\/zelenitragovi.com.hr\/index.php\/wp-json\/wp\/v2\/pages"}],"about":[{"href":"https:\/\/zelenitragovi.com.hr\/index.php\/wp-json\/wp\/v2\/types\/page"}],"author":[{"embeddable":true,"href":"https:\/\/zelenitragovi.com.hr\/index.php\/wp-json\/wp\/v2\/users\/1"}],"replies":[{"embeddable":true,"href":"https:\/\/zelenitragovi.com.hr\/index.php\/wp-json\/wp\/v2\/comments?post=2"}],"version-history":[{"count":5,"href":"https:\/\/zelenitragovi.com.hr\/index.php\/wp-json\/wp\/v2\/pages\/2\/revisions"}],"predecessor-version":[{"id":155,"href":"https:\/\/zelenitragovi.com.hr\/index.php\/wp-json\/wp\/v2\/pages\/2\/revisions\/155"}],"wp:featuredmedia":[{"embeddable":true,"href":"https:\/\/zelenitragovi.com.hr\/index.php\/wp-json\/wp\/v2\/media\/25"}],"wp:attachment":[{"href":"https:\/\/zelenitragovi.com.hr\/index.php\/wp-json\/wp\/v2\/media?parent=2"}],"curies":[{"name":"wp","href":"https:\/\/api.w.org\/{rel}","templated":true}]}}