{"id":207,"date":"2025-05-07T08:19:31","date_gmt":"2025-05-07T08:19:31","guid":{"rendered":"https:\/\/zelenitragovi.com.hr\/?page_id=207"},"modified":"2025-06-06T21:09:47","modified_gmt":"2025-06-06T21:09:47","slug":"hrana-i-pice-restorani-kafici","status":"publish","type":"page","link":"https:\/\/zelenitragovi.com.hr\/index.php\/sto-raditi-u-osijeku\/hrana-i-pice-restorani-kafici\/","title":{"rendered":"Hrana i pi\u0107e (restorani, kafi\u0107i)"},"content":{"rendered":"\n<h2 class=\"wp-block-heading\">Hrana:<\/h2>\n\n\n\n<p><strong>Lipov Hlad<\/strong> \u2013 restoran s doma\u0107im jelima i svje\u017eim sastojcima, smje\u0161ten na Trgu bana Josipa Jela\u010di\u0107a 2 .<\/p>\n\n\n\n<p><strong>Rustika<\/strong> \u2013 poznata pizzerija s velikim, ukusnim pizzama, locirana u samom centru Osijeka.<\/p>\n\n\n\n<p><strong>Karaka<\/strong> \u2013&nbsp; restoran koji spaja moderne i tradicionalne okuse, s naglaskom na morske specijalitete, smje\u0161ten na Sjenjaku.<\/p>\n\n\n\n<p><strong>Muzej Okusa<\/strong> \u2013 konceptualni restoran koji spaja gastronomiju i kulturu, smje\u0161ten u perivoju Peja\u010devi\u0107 na Sjenjaku.<\/p>\n\n\n\n<p><strong>El Paso<\/strong> \u2013 &nbsp;tematski restoran s autenti\u010dnom meksi\u010dkom hranom, lociran na osje\u010dkoj \u0161etnici.<\/p>\n\n\n\n<p><strong>Rulla<\/strong>&#8211; street food mjesto s azijskim specijalitetima poput sushija i ramena, smje\u0161ten u centru osjeka.<\/p>\n\n\n\n<p><strong>Zeleni val<\/strong> \u2013 &nbsp;restoran posve\u0107en zdravoj hrani i ekolo\u0161ki osvije\u0161tenom ambijentu.<\/p>\n\n\n\n<h2 class=\"wp-block-heading\">Pi\u0107e:<\/h2>\n\n\n\n<p><strong>Trica<\/strong> \u2013 popularni kafi\u0107 poznat po ugodnoj atmosferi i raznovrsnoj ponudi pi\u0107a.<\/p>\n\n\n\n<p><strong>Sva\u010di\u0107<\/strong> &#8211;&nbsp; najpoznatiji kafi\u0107 za mlade, nudi \u0161irok izbor kave i drugih napitaka u modernom i ugodnom ambijentu.<\/p>\n\n\n\n<p><strong>Hedonist bar<\/strong> &#8211; smje\u0161ten u Osijeku, poznat po opu\u0161tenoj atmosferi i raznovrsnoj ponudi pi\u0107a.<\/p>\n\n\n\n<p><strong>Krigla<\/strong> \u2013 poznati kafi\u0107 u Osijeku na dva kata s vrlo ukusnom kavom i velikoj ponudi pi\u0107a.<\/p>\n\n\n\n<p><strong>Bounty<\/strong> \u2013 kafi\u0107 na Osje\u010dkoj promenadi s ugodnom atmosferom.<\/p>\n\n\n\n<p><strong>Berlin<\/strong> \u2013 kafi\u0107 na promenadi poznat po jedinstvenom ambijentu, pristupa\u010dnijim cijenama i ugodnom atmosferom.<\/p>\n\n\n\n<p><strong>Kavana Gradski vrt<\/strong> \u2013 kavana i slasti\u010darnica smje\u0161tena na kri\u017eanju Wilsonove i Divaltove ulice u Osijeku. Nudi \u0161iroki izbor kola\u010da, torti i sladoleda u tri odvojena prostora.<\/p>\n\n\n\n<p><em>Tekst pripremili u\u010denici Ekonomske i upravne \u0161kole Osijek. Web izradili u\u010denici Elektrotehni\u010dke i prometne \u0161kole Osijek.<\/em><\/p>\n","protected":false},"excerpt":{"rendered":"<p>Hrana: Lipov Hlad \u2013 restoran s doma\u0107im jelima i svje\u017eim sastojcima, smje\u0161ten na Trgu bana Josipa Jela\u010di\u0107a 2 . Rustika \u2013 poznata pizzerija s velikim, ukusnim pizzama, locirana u samom centru Osijeka. Karaka \u2013&nbsp; restoran koji spaja moderne i tradicionalne okuse, s naglaskom na morske specijalitete, smje\u0161ten na Sjenjaku. Muzej Okusa \u2013 konceptualni restoran koji [&hellip;]<\/p>\n","protected":false},"author":3,"featured_media":0,"parent":157,"menu_order":0,"comment_status":"closed","ping_status":"closed","template":"","meta":{"footnotes":""},"class_list":["post-207","page","type-page","status-publish","hentry"],"_links":{"self":[{"href":"https:\/\/zelenitragovi.com.hr\/index.php\/wp-json\/wp\/v2\/pages\/207","targetHints":{"allow":["GET"]}}],"collection":[{"href":"https:\/\/zelenitragovi.com.hr\/index.php\/wp-json\/wp\/v2\/pages"}],"about":[{"href":"https:\/\/zelenitragovi.com.hr\/index.php\/wp-json\/wp\/v2\/types\/page"}],"author":[{"embeddable":true,"href":"https:\/\/zelenitragovi.com.hr\/index.php\/wp-json\/wp\/v2\/users\/3"}],"replies":[{"embeddable":true,"href":"https:\/\/zelenitragovi.com.hr\/index.php\/wp-json\/wp\/v2\/comments?post=207"}],"version-history":[{"count":4,"href":"https:\/\/zelenitragovi.com.hr\/index.php\/wp-json\/wp\/v2\/pages\/207\/revisions"}],"predecessor-version":[{"id":675,"href":"https:\/\/zelenitragovi.com.hr\/index.php\/wp-json\/wp\/v2\/pages\/207\/revisions\/675"}],"up":[{"embeddable":true,"href":"https:\/\/zelenitragovi.com.hr\/index.php\/wp-json\/wp\/v2\/pages\/157"}],"wp:attachment":[{"href":"https:\/\/zelenitragovi.com.hr\/index.php\/wp-json\/wp\/v2\/media?parent=207"}],"curies":[{"name":"wp","href":"https:\/\/api.w.org\/{rel}","templated":true}]}}