{"id":211,"date":"2025-05-07T08:21:22","date_gmt":"2025-05-07T08:21:22","guid":{"rendered":"https:\/\/zelenitragovi.com.hr\/?page_id=211"},"modified":"2025-06-08T13:33:15","modified_gmt":"2025-06-08T13:33:15","slug":"shopping","status":"publish","type":"page","link":"https:\/\/zelenitragovi.com.hr\/index.php\/sto-raditi-u-osijeku\/shopping\/","title":{"rendered":"Shopping"},"content":{"rendered":"\n<p><strong>Portanova<\/strong> &#8211; &nbsp;najve\u0107i trgova\u010dki centar u isto\u010dnoj Hrvatskoj, smje\u0161ten na Svilajskoj ulici 31A. Otvoren 2011. Godine, nudi \u0161irok spektar trgovina, restorana i zabavnih sadr\u017eaja.<\/p>\n\n\n\n<p><strong>Mercator Centar Osijek<\/strong> \u2013 &nbsp;nalazi se u Gackoj ulici 10. Pru\u017ea raznovrsne trgovine i usluge, uklju\u010duju\u0107i supermarket, teretanu i specijalizirane trgovine.<\/p>\n\n\n\n<p><strong>Gacka Retail Park<\/strong> \u2013 smje\u0161ten u Gackoj ulici, ovaj moderni trgova\u010dki kompleks nudi \u0161irok raspon trgovina, restorana i uslu\u017enih objekata.<\/p>\n\n\n\n<p><strong>Emmezetta<\/strong> \u2013 &nbsp;trgova\u010dki centar specijaliziran za namje\u0161taj i ku\u0107anske potrep\u0161tine.<\/p>\n\n\n\n<p><strong>Pevex<\/strong> \u2013 trgova\u010dki centar specijaliziran za gra\u0111evinske materijale, alate i ku\u0107anske potrep\u0161tine.<\/p>\n\n\n\n<p><strong>Super Osijek<\/strong> \u2013 &nbsp;manji trgova\u010dki centar u centru grada s nekoliko trgovina za odje\u0107u i kozmetiku.<\/p>\n\n\n\n<p><em>Tekst pripremili u\u010denici Ekonomske i upravne \u0161kole Osijek. Web izradili u\u010denici Elektrotehni\u010dke i prometne \u0161kole Osijek.<\/em><\/p>\n","protected":false},"excerpt":{"rendered":"<p>Portanova &#8211; &nbsp;najve\u0107i trgova\u010dki centar u isto\u010dnoj Hrvatskoj, smje\u0161ten na Svilajskoj ulici 31A. Otvoren 2011. Godine, nudi \u0161irok spektar trgovina, restorana i zabavnih sadr\u017eaja. Mercator Centar Osijek \u2013 &nbsp;nalazi se u Gackoj ulici 10. Pru\u017ea raznovrsne trgovine i usluge, uklju\u010duju\u0107i supermarket, teretanu i specijalizirane trgovine. Gacka Retail Park \u2013 smje\u0161ten u Gackoj ulici, ovaj moderni [&hellip;]<\/p>\n","protected":false},"author":3,"featured_media":0,"parent":157,"menu_order":0,"comment_status":"closed","ping_status":"closed","template":"","meta":{"footnotes":""},"class_list":["post-211","page","type-page","status-publish","hentry"],"_links":{"self":[{"href":"https:\/\/zelenitragovi.com.hr\/index.php\/wp-json\/wp\/v2\/pages\/211","targetHints":{"allow":["GET"]}}],"collection":[{"href":"https:\/\/zelenitragovi.com.hr\/index.php\/wp-json\/wp\/v2\/pages"}],"about":[{"href":"https:\/\/zelenitragovi.com.hr\/index.php\/wp-json\/wp\/v2\/types\/page"}],"author":[{"embeddable":true,"href":"https:\/\/zelenitragovi.com.hr\/index.php\/wp-json\/wp\/v2\/users\/3"}],"replies":[{"embeddable":true,"href":"https:\/\/zelenitragovi.com.hr\/index.php\/wp-json\/wp\/v2\/comments?post=211"}],"version-history":[{"count":3,"href":"https:\/\/zelenitragovi.com.hr\/index.php\/wp-json\/wp\/v2\/pages\/211\/revisions"}],"predecessor-version":[{"id":683,"href":"https:\/\/zelenitragovi.com.hr\/index.php\/wp-json\/wp\/v2\/pages\/211\/revisions\/683"}],"up":[{"embeddable":true,"href":"https:\/\/zelenitragovi.com.hr\/index.php\/wp-json\/wp\/v2\/pages\/157"}],"wp:attachment":[{"href":"https:\/\/zelenitragovi.com.hr\/index.php\/wp-json\/wp\/v2\/media?parent=211"}],"curies":[{"name":"wp","href":"https:\/\/api.w.org\/{rel}","templated":true}]}}