{"id":279,"date":"2025-05-07T22:03:20","date_gmt":"2025-05-07T22:03:20","guid":{"rendered":"https:\/\/zelenitragovi.com.hr\/?page_id=279"},"modified":"2025-06-08T13:31:20","modified_gmt":"2025-06-08T13:31:20","slug":"kvartovi-u-osijeku","status":"publish","type":"page","link":"https:\/\/zelenitragovi.com.hr\/index.php\/kvartovi-u-osijeku\/","title":{"rendered":"Kvartovi u Osijeku"},"content":{"rendered":"\n<p><\/p>\n\n\n\n<ol class=\"wp-block-list\">\n<li>Donji grad &#8211; povijesni dio grada smje\u0161ten uz rijeku Dravu od 18.st.<\/li>\n\n\n\n<li>Tvr\u0111a &#8211; kulturno &#8211; zabavno sredi\u0161te Osijeka koje je izgra\u0111eno u prvoj polovici 18.st. kao vojna utvrda pod Habsburzima.&nbsp;<\/li>\n\n\n\n<li>Gornji grad (centar) &#8211; sredi\u0161te grada, gdje se nalazi Trg Ante Star\u010devi\u0107a, Katedrala svetog Petra i Pavla, trgovine, restorani&#8230;Razvio se u 19.st.<\/li>\n\n\n\n<li>Retfala \u2013 kombinacija obiteljskih ku\u0107a i modernih zgrada, nekada\u0161nje samostalno naselje spominje se i u 18.st.<\/li>\n\n\n\n<li>Sjenjak \u2013 poznat po stambenim zgradama izra\u0111enih u drugoj polovici 20.st.<\/li>\n\n\n\n<li>Jug II \u2013 jedna od najve\u0107ih stambenih \u010detvrti te je izgra\u0111en 1970-ih i 1980-ih.<\/li>\n\n\n\n<li>Novi grad \u2013 industrijska \u010detvrt (Uske njive).<\/li>\n\n\n\n<li>Zeleno polje \u2013 nalazi na isto\u010dnoj strani grada nedaleko od Donjeg grada on se po\u010deo razvijati sredinom 20.st.<\/li>\n\n\n\n<li>Bosutsko naselje \u2013 stambena zona jugozapadno od centra koja se izgradila tijekom druge polovice 20.st.<\/li>\n\n\n\n<li>Vijenac Ivana Me\u0161trovi\u0107a \u2013 jedan od najpoznatijih kvartova u Osijeku, izgra\u0111en je tijekom 60-ih i 70-ih.<\/li>\n<\/ol>\n\n\n\n<p><em>Tekst pripremili u\u010denici Ekonomske i upravne \u0161kole Osijek. Web izradili u\u010denici Elektrotehni\u010dke i prometne \u0161kole Osijek.<\/em><\/p>\n","protected":false},"excerpt":{"rendered":"<p>Tekst pripremili u\u010denici Ekonomske i upravne \u0161kole Osijek. Web izradili u\u010denici Elektrotehni\u010dke i prometne \u0161kole Osijek.<\/p>\n","protected":false},"author":1,"featured_media":0,"parent":0,"menu_order":0,"comment_status":"closed","ping_status":"closed","template":"","meta":{"footnotes":""},"class_list":["post-279","page","type-page","status-publish","hentry"],"_links":{"self":[{"href":"https:\/\/zelenitragovi.com.hr\/index.php\/wp-json\/wp\/v2\/pages\/279","targetHints":{"allow":["GET"]}}],"collection":[{"href":"https:\/\/zelenitragovi.com.hr\/index.php\/wp-json\/wp\/v2\/pages"}],"about":[{"href":"https:\/\/zelenitragovi.com.hr\/index.php\/wp-json\/wp\/v2\/types\/page"}],"author":[{"embeddable":true,"href":"https:\/\/zelenitragovi.com.hr\/index.php\/wp-json\/wp\/v2\/users\/1"}],"replies":[{"embeddable":true,"href":"https:\/\/zelenitragovi.com.hr\/index.php\/wp-json\/wp\/v2\/comments?post=279"}],"version-history":[{"count":6,"href":"https:\/\/zelenitragovi.com.hr\/index.php\/wp-json\/wp\/v2\/pages\/279\/revisions"}],"predecessor-version":[{"id":680,"href":"https:\/\/zelenitragovi.com.hr\/index.php\/wp-json\/wp\/v2\/pages\/279\/revisions\/680"}],"wp:attachment":[{"href":"https:\/\/zelenitragovi.com.hr\/index.php\/wp-json\/wp\/v2\/media?parent=279"}],"curies":[{"name":"wp","href":"https:\/\/api.w.org\/{rel}","templated":true}]}}