{"id":288,"date":"2025-05-07T22:10:29","date_gmt":"2025-05-07T22:10:29","guid":{"rendered":"https:\/\/zelenitragovi.com.hr\/?page_id=288"},"modified":"2025-06-06T19:27:51","modified_gmt":"2025-06-06T19:27:51","slug":"fotografije-osijeka","status":"publish","type":"page","link":"https:\/\/zelenitragovi.com.hr\/index.php\/fotografije-osijeka\/","title":{"rendered":"Fotografije Osijeka"},"content":{"rendered":"\n<figure class=\"wp-block-gallery has-nested-images columns-default is-cropped wp-block-gallery-1 is-layout-flex wp-block-gallery-is-layout-flex\">\n<figure class=\"wp-block-image size-large\"><img loading=\"lazy\" decoding=\"async\" width=\"1024\" height=\"683\" data-id=\"134\" src=\"https:\/\/zelenitragovi.com.hr\/wp-content\/uploads\/2025\/04\/DSC_0079-1024x683.jpg\" alt=\"\" class=\"wp-image-134\" srcset=\"https:\/\/zelenitragovi.com.hr\/wp-content\/uploads\/2025\/04\/DSC_0079-1024x683.jpg 1024w, https:\/\/zelenitragovi.com.hr\/wp-content\/uploads\/2025\/04\/DSC_0079-300x200.jpg 300w, https:\/\/zelenitragovi.com.hr\/wp-content\/uploads\/2025\/04\/DSC_0079-768x512.jpg 768w, https:\/\/zelenitragovi.com.hr\/wp-content\/uploads\/2025\/04\/DSC_0079-1536x1024.jpg 1536w, https:\/\/zelenitragovi.com.hr\/wp-content\/uploads\/2025\/04\/DSC_0079-2048x1365.jpg 2048w\" sizes=\"auto, (max-width: 1024px) 100vw, 1024px\" \/><\/figure>\n\n\n\n<figure class=\"wp-block-image size-large\"><img loading=\"lazy\" decoding=\"async\" width=\"1024\" height=\"768\" data-id=\"146\" src=\"https:\/\/zelenitragovi.com.hr\/wp-content\/uploads\/2025\/04\/4444-1-1024x768.jpg\" alt=\"\" class=\"wp-image-146\" srcset=\"https:\/\/zelenitragovi.com.hr\/wp-content\/uploads\/2025\/04\/4444-1-1024x768.jpg 1024w, https:\/\/zelenitragovi.com.hr\/wp-content\/uploads\/2025\/04\/4444-1-300x225.jpg 300w, https:\/\/zelenitragovi.com.hr\/wp-content\/uploads\/2025\/04\/4444-1-768x576.jpg 768w, https:\/\/zelenitragovi.com.hr\/wp-content\/uploads\/2025\/04\/4444-1-1536x1152.jpg 1536w, https:\/\/zelenitragovi.com.hr\/wp-content\/uploads\/2025\/04\/4444-1-2048x1536.jpg 2048w\" sizes=\"auto, (max-width: 1024px) 100vw, 1024px\" \/><\/figure>\n\n\n\n<figure class=\"wp-block-image size-large\"><img loading=\"lazy\" decoding=\"async\" width=\"1024\" height=\"683\" data-id=\"148\" src=\"https:\/\/zelenitragovi.com.hr\/wp-content\/uploads\/2025\/04\/DSC_0044-1024x683.jpg\" alt=\"\" class=\"wp-image-148\" srcset=\"https:\/\/zelenitragovi.com.hr\/wp-content\/uploads\/2025\/04\/DSC_0044-1024x683.jpg 1024w, https:\/\/zelenitragovi.com.hr\/wp-content\/uploads\/2025\/04\/DSC_0044-300x200.jpg 300w, https:\/\/zelenitragovi.com.hr\/wp-content\/uploads\/2025\/04\/DSC_0044-768x512.jpg 768w, https:\/\/zelenitragovi.com.hr\/wp-content\/uploads\/2025\/04\/DSC_0044-1536x1024.jpg 1536w, https:\/\/zelenitragovi.com.hr\/wp-content\/uploads\/2025\/04\/DSC_0044-2048x1365.jpg 2048w\" sizes=\"auto, (max-width: 1024px) 100vw, 1024px\" \/><\/figure>\n\n\n\n<figure class=\"wp-block-image size-large\"><img loading=\"lazy\" decoding=\"async\" width=\"1024\" height=\"768\" data-id=\"201\" src=\"https:\/\/zelenitragovi.com.hr\/wp-content\/uploads\/2025\/05\/WhatsApp-Image-2025-05-02-at-01.36.49-1024x768.jpeg\" alt=\"\" class=\"wp-image-201\" srcset=\"https:\/\/zelenitragovi.com.hr\/wp-content\/uploads\/2025\/05\/WhatsApp-Image-2025-05-02-at-01.36.49-1024x768.jpeg 1024w, https:\/\/zelenitragovi.com.hr\/wp-content\/uploads\/2025\/05\/WhatsApp-Image-2025-05-02-at-01.36.49-300x225.jpeg 300w, https:\/\/zelenitragovi.com.hr\/wp-content\/uploads\/2025\/05\/WhatsApp-Image-2025-05-02-at-01.36.49-768x576.jpeg 768w, https:\/\/zelenitragovi.com.hr\/wp-content\/uploads\/2025\/05\/WhatsApp-Image-2025-05-02-at-01.36.49-1536x1152.jpeg 1536w, https:\/\/zelenitragovi.com.hr\/wp-content\/uploads\/2025\/05\/WhatsApp-Image-2025-05-02-at-01.36.49.jpeg 2040w\" sizes=\"auto, (max-width: 1024px) 100vw, 1024px\" \/><\/figure>\n\n\n\n<figure class=\"wp-block-image size-large\"><img loading=\"lazy\" decoding=\"async\" width=\"1024\" height=\"768\" data-id=\"271\" src=\"https:\/\/zelenitragovi.com.hr\/wp-content\/uploads\/2025\/05\/01-1024x768.jpg\" alt=\"\" class=\"wp-image-271\" srcset=\"https:\/\/zelenitragovi.com.hr\/wp-content\/uploads\/2025\/05\/01-1024x768.jpg 1024w, https:\/\/zelenitragovi.com.hr\/wp-content\/uploads\/2025\/05\/01-300x225.jpg 300w, https:\/\/zelenitragovi.com.hr\/wp-content\/uploads\/2025\/05\/01-768x576.jpg 768w, https:\/\/zelenitragovi.com.hr\/wp-content\/uploads\/2025\/05\/01-1536x1152.jpg 1536w, https:\/\/zelenitragovi.com.hr\/wp-content\/uploads\/2025\/05\/01.jpg 2040w\" sizes=\"auto, (max-width: 1024px) 100vw, 1024px\" \/><\/figure>\n\n\n\n<figure class=\"wp-block-image size-large\"><img loading=\"lazy\" decoding=\"async\" width=\"1024\" height=\"768\" data-id=\"269\" src=\"https:\/\/zelenitragovi.com.hr\/wp-content\/uploads\/2025\/05\/Park-1-1024x768.jpg\" alt=\"\" class=\"wp-image-269\" srcset=\"https:\/\/zelenitragovi.com.hr\/wp-content\/uploads\/2025\/05\/Park-1-1024x768.jpg 1024w, https:\/\/zelenitragovi.com.hr\/wp-content\/uploads\/2025\/05\/Park-1-300x225.jpg 300w, https:\/\/zelenitragovi.com.hr\/wp-content\/uploads\/2025\/05\/Park-1-768x576.jpg 768w, https:\/\/zelenitragovi.com.hr\/wp-content\/uploads\/2025\/05\/Park-1.jpg 1224w\" sizes=\"auto, (max-width: 1024px) 100vw, 1024px\" \/><\/figure>\n\n\n\n<figure class=\"wp-block-image size-large\"><img loading=\"lazy\" decoding=\"async\" width=\"1024\" height=\"531\" data-id=\"272\" src=\"https:\/\/zelenitragovi.com.hr\/wp-content\/uploads\/2025\/05\/IMG_20210527_193123-1024x531.jpg\" alt=\"\" class=\"wp-image-272\" srcset=\"https:\/\/zelenitragovi.com.hr\/wp-content\/uploads\/2025\/05\/IMG_20210527_193123-1024x531.jpg 1024w, https:\/\/zelenitragovi.com.hr\/wp-content\/uploads\/2025\/05\/IMG_20210527_193123-300x156.jpg 300w, https:\/\/zelenitragovi.com.hr\/wp-content\/uploads\/2025\/05\/IMG_20210527_193123-768x398.jpg 768w, https:\/\/zelenitragovi.com.hr\/wp-content\/uploads\/2025\/05\/IMG_20210527_193123-1536x796.jpg 1536w, https:\/\/zelenitragovi.com.hr\/wp-content\/uploads\/2025\/05\/IMG_20210527_193123-2048x1062.jpg 2048w\" sizes=\"auto, (max-width: 1024px) 100vw, 1024px\" \/><\/figure>\n\n\n\n<figure class=\"wp-block-image size-large\"><img loading=\"lazy\" decoding=\"async\" width=\"1024\" height=\"768\" data-id=\"273\" src=\"https:\/\/zelenitragovi.com.hr\/wp-content\/uploads\/2025\/05\/IMG_20250506_154837-1024x768.jpg\" alt=\"\" class=\"wp-image-273\" srcset=\"https:\/\/zelenitragovi.com.hr\/wp-content\/uploads\/2025\/05\/IMG_20250506_154837-1024x768.jpg 1024w, https:\/\/zelenitragovi.com.hr\/wp-content\/uploads\/2025\/05\/IMG_20250506_154837-300x225.jpg 300w, https:\/\/zelenitragovi.com.hr\/wp-content\/uploads\/2025\/05\/IMG_20250506_154837-768x576.jpg 768w, https:\/\/zelenitragovi.com.hr\/wp-content\/uploads\/2025\/05\/IMG_20250506_154837-1536x1152.jpg 1536w, https:\/\/zelenitragovi.com.hr\/wp-content\/uploads\/2025\/05\/IMG_20250506_154837.jpg 1632w\" sizes=\"auto, (max-width: 1024px) 100vw, 1024px\" \/><\/figure>\n\n\n\n<figure class=\"wp-block-image size-large\"><img loading=\"lazy\" decoding=\"async\" width=\"1024\" height=\"768\" data-id=\"265\" src=\"https:\/\/zelenitragovi.com.hr\/wp-content\/uploads\/2025\/05\/Promenada-1024x768.jpg\" alt=\"\" class=\"wp-image-265\" srcset=\"https:\/\/zelenitragovi.com.hr\/wp-content\/uploads\/2025\/05\/Promenada-1024x768.jpg 1024w, https:\/\/zelenitragovi.com.hr\/wp-content\/uploads\/2025\/05\/Promenada-300x225.jpg 300w, https:\/\/zelenitragovi.com.hr\/wp-content\/uploads\/2025\/05\/Promenada-768x576.jpg 768w, https:\/\/zelenitragovi.com.hr\/wp-content\/uploads\/2025\/05\/Promenada-1536x1152.jpg 1536w, https:\/\/zelenitragovi.com.hr\/wp-content\/uploads\/2025\/05\/Promenada.jpg 2040w\" sizes=\"auto, (max-width: 1024px) 100vw, 1024px\" \/><\/figure>\n\n\n\n<figure class=\"wp-block-image size-large\"><img loading=\"lazy\" decoding=\"async\" width=\"1024\" height=\"768\" data-id=\"267\" src=\"https:\/\/zelenitragovi.com.hr\/wp-content\/uploads\/2025\/05\/IMG_20250506_155042-1024x768.jpg\" alt=\"\" class=\"wp-image-267\" srcset=\"https:\/\/zelenitragovi.com.hr\/wp-content\/uploads\/2025\/05\/IMG_20250506_155042-1024x768.jpg 1024w, https:\/\/zelenitragovi.com.hr\/wp-content\/uploads\/2025\/05\/IMG_20250506_155042-300x225.jpg 300w, https:\/\/zelenitragovi.com.hr\/wp-content\/uploads\/2025\/05\/IMG_20250506_155042-768x576.jpg 768w, https:\/\/zelenitragovi.com.hr\/wp-content\/uploads\/2025\/05\/IMG_20250506_155042-1536x1152.jpg 1536w, https:\/\/zelenitragovi.com.hr\/wp-content\/uploads\/2025\/05\/IMG_20250506_155042-2048x1536.jpg 2048w\" sizes=\"auto, (max-width: 1024px) 100vw, 1024px\" \/><\/figure>\n\n\n\n<figure class=\"wp-block-image size-large\"><img loading=\"lazy\" decoding=\"async\" width=\"1024\" height=\"554\" data-id=\"261\" src=\"https:\/\/zelenitragovi.com.hr\/wp-content\/uploads\/2025\/05\/DSC_0059-1024x554.jpg\" alt=\"\" class=\"wp-image-261\" srcset=\"https:\/\/zelenitragovi.com.hr\/wp-content\/uploads\/2025\/05\/DSC_0059-1024x554.jpg 1024w, https:\/\/zelenitragovi.com.hr\/wp-content\/uploads\/2025\/05\/DSC_0059-300x162.jpg 300w, https:\/\/zelenitragovi.com.hr\/wp-content\/uploads\/2025\/05\/DSC_0059-768x415.jpg 768w, https:\/\/zelenitragovi.com.hr\/wp-content\/uploads\/2025\/05\/DSC_0059-1536x831.jpg 1536w, https:\/\/zelenitragovi.com.hr\/wp-content\/uploads\/2025\/05\/DSC_0059-2048x1108.jpg 2048w\" sizes=\"auto, (max-width: 1024px) 100vw, 1024px\" \/><\/figure>\n\n\n\n<figure class=\"wp-block-image size-large\"><img loading=\"lazy\" decoding=\"async\" width=\"1024\" height=\"791\" data-id=\"189\" src=\"https:\/\/zelenitragovi.com.hr\/wp-content\/uploads\/2025\/05\/20190624_151454-1-1024x791.jpg\" alt=\"\" class=\"wp-image-189\" srcset=\"https:\/\/zelenitragovi.com.hr\/wp-content\/uploads\/2025\/05\/20190624_151454-1-1024x791.jpg 1024w, https:\/\/zelenitragovi.com.hr\/wp-content\/uploads\/2025\/05\/20190624_151454-1-300x232.jpg 300w, https:\/\/zelenitragovi.com.hr\/wp-content\/uploads\/2025\/05\/20190624_151454-1-768x593.jpg 768w, https:\/\/zelenitragovi.com.hr\/wp-content\/uploads\/2025\/05\/20190624_151454-1-1536x1186.jpg 1536w, https:\/\/zelenitragovi.com.hr\/wp-content\/uploads\/2025\/05\/20190624_151454-1-2048x1581.jpg 2048w\" sizes=\"auto, (max-width: 1024px) 100vw, 1024px\" \/><\/figure>\n\n\n\n<figure class=\"wp-block-image size-large\"><img loading=\"lazy\" decoding=\"async\" width=\"613\" height=\"1024\" data-id=\"194\" src=\"https:\/\/zelenitragovi.com.hr\/wp-content\/uploads\/2025\/05\/20190624_151454-3-613x1024.jpg\" alt=\"\" class=\"wp-image-194\" srcset=\"https:\/\/zelenitragovi.com.hr\/wp-content\/uploads\/2025\/05\/20190624_151454-3-613x1024.jpg 613w, https:\/\/zelenitragovi.com.hr\/wp-content\/uploads\/2025\/05\/20190624_151454-3-180x300.jpg 180w, https:\/\/zelenitragovi.com.hr\/wp-content\/uploads\/2025\/05\/20190624_151454-3-768x1282.jpg 768w, https:\/\/zelenitragovi.com.hr\/wp-content\/uploads\/2025\/05\/20190624_151454-3-920x1536.jpg 920w, https:\/\/zelenitragovi.com.hr\/wp-content\/uploads\/2025\/05\/20190624_151454-3.jpg 1132w\" sizes=\"auto, (max-width: 613px) 100vw, 613px\" \/><\/figure>\n\n\n\n<figure class=\"wp-block-image size-large\"><img loading=\"lazy\" decoding=\"async\" width=\"1024\" height=\"683\" data-id=\"202\" src=\"https:\/\/zelenitragovi.com.hr\/wp-content\/uploads\/2025\/05\/WhatsApp-Image-2025-05-02-at-01.36.49-edited-1024x683.jpeg\" alt=\"\" class=\"wp-image-202\" srcset=\"https:\/\/zelenitragovi.com.hr\/wp-content\/uploads\/2025\/05\/WhatsApp-Image-2025-05-02-at-01.36.49-edited-1024x683.jpeg 1024w, https:\/\/zelenitragovi.com.hr\/wp-content\/uploads\/2025\/05\/WhatsApp-Image-2025-05-02-at-01.36.49-edited-300x200.jpeg 300w, https:\/\/zelenitragovi.com.hr\/wp-content\/uploads\/2025\/05\/WhatsApp-Image-2025-05-02-at-01.36.49-edited-768x512.jpeg 768w, https:\/\/zelenitragovi.com.hr\/wp-content\/uploads\/2025\/05\/WhatsApp-Image-2025-05-02-at-01.36.49-edited-1536x1024.jpeg 1536w, https:\/\/zelenitragovi.com.hr\/wp-content\/uploads\/2025\/05\/WhatsApp-Image-2025-05-02-at-01.36.49-edited.jpeg 2040w\" sizes=\"auto, (max-width: 1024px) 100vw, 1024px\" \/><\/figure>\n\n\n\n<figure class=\"wp-block-image size-large\"><img loading=\"lazy\" decoding=\"async\" width=\"1024\" height=\"576\" data-id=\"130\" src=\"https:\/\/zelenitragovi.com.hr\/wp-content\/uploads\/2025\/04\/555-1024x576.jpg\" alt=\"\" class=\"wp-image-130\" srcset=\"https:\/\/zelenitragovi.com.hr\/wp-content\/uploads\/2025\/04\/555-1024x576.jpg 1024w, https:\/\/zelenitragovi.com.hr\/wp-content\/uploads\/2025\/04\/555-300x169.jpg 300w, https:\/\/zelenitragovi.com.hr\/wp-content\/uploads\/2025\/04\/555-768x432.jpg 768w, https:\/\/zelenitragovi.com.hr\/wp-content\/uploads\/2025\/04\/555-1536x863.jpg 1536w, https:\/\/zelenitragovi.com.hr\/wp-content\/uploads\/2025\/04\/555-2048x1151.jpg 2048w\" sizes=\"auto, (max-width: 1024px) 100vw, 1024px\" \/><\/figure>\n\n\n\n<figure class=\"wp-block-image size-large\"><img loading=\"lazy\" decoding=\"async\" width=\"1024\" height=\"683\" data-id=\"132\" src=\"https:\/\/zelenitragovi.com.hr\/wp-content\/uploads\/2025\/04\/DSC_0061-1024x683.jpg\" alt=\"\" class=\"wp-image-132\" srcset=\"https:\/\/zelenitragovi.com.hr\/wp-content\/uploads\/2025\/04\/DSC_0061-1024x683.jpg 1024w, https:\/\/zelenitragovi.com.hr\/wp-content\/uploads\/2025\/04\/DSC_0061-300x200.jpg 300w, https:\/\/zelenitragovi.com.hr\/wp-content\/uploads\/2025\/04\/DSC_0061-768x512.jpg 768w, https:\/\/zelenitragovi.com.hr\/wp-content\/uploads\/2025\/04\/DSC_0061-1536x1024.jpg 1536w, https:\/\/zelenitragovi.com.hr\/wp-content\/uploads\/2025\/04\/DSC_0061-2048x1365.jpg 2048w\" sizes=\"auto, (max-width: 1024px) 100vw, 1024px\" \/><\/figure>\n<\/figure>\n\n\n\n<p>Autori fotografija u\u010denici Elektrotehni\u010dke i prometne \u0161kole Osijek.<\/p>\n","protected":false},"excerpt":{"rendered":"<p>Autori fotografija u\u010denici Elektrotehni\u010dke i prometne \u0161kole Osijek.<\/p>\n","protected":false},"author":1,"featured_media":0,"parent":0,"menu_order":0,"comment_status":"closed","ping_status":"closed","template":"","meta":{"footnotes":""},"class_list":["post-288","page","type-page","status-publish","hentry"],"_links":{"self":[{"href":"https:\/\/zelenitragovi.com.hr\/index.php\/wp-json\/wp\/v2\/pages\/288","targetHints":{"allow":["GET"]}}],"collection":[{"href":"https:\/\/zelenitragovi.com.hr\/index.php\/wp-json\/wp\/v2\/pages"}],"about":[{"href":"https:\/\/zelenitragovi.com.hr\/index.php\/wp-json\/wp\/v2\/types\/page"}],"author":[{"embeddable":true,"href":"https:\/\/zelenitragovi.com.hr\/index.php\/wp-json\/wp\/v2\/users\/1"}],"replies":[{"embeddable":true,"href":"https:\/\/zelenitragovi.com.hr\/index.php\/wp-json\/wp\/v2\/comments?post=288"}],"version-history":[{"count":2,"href":"https:\/\/zelenitragovi.com.hr\/index.php\/wp-json\/wp\/v2\/pages\/288\/revisions"}],"predecessor-version":[{"id":638,"href":"https:\/\/zelenitragovi.com.hr\/index.php\/wp-json\/wp\/v2\/pages\/288\/revisions\/638"}],"wp:attachment":[{"href":"https:\/\/zelenitragovi.com.hr\/index.php\/wp-json\/wp\/v2\/media?parent=288"}],"curies":[{"name":"wp","href":"https:\/\/api.w.org\/{rel}","templated":true}]}}