{"id":498,"date":"2025-05-28T20:47:11","date_gmt":"2025-05-28T20:47:11","guid":{"rendered":"https:\/\/zelenitragovi.com.hr\/?page_id=498"},"modified":"2025-06-09T01:35:42","modified_gmt":"2025-06-09T01:35:42","slug":"360-video","status":"publish","type":"page","link":"https:\/\/zelenitragovi.com.hr\/index.php\/360-video\/","title":{"rendered":"Osijek 360\u00ba"},"content":{"rendered":"\n<h4 class=\"wp-block-heading\">Tvr\u0111a<\/h4>\n\n\n<div id=\"pano1180\" class=\"pano-wrap \" style=\"max-width:100%; width:600px; height: 400px; border-radius:0px; margin: 0 auto;\"><div style=\"width:100%; height:100%; border-radius: 0px;\"><video id=\"vid1180\" class=\"video-js vjs-default-skin vjs-big-play-centered\"   controls preload=\"auto\" style=\"width:100%; height: 100%;\" poster=\"\" ><source src=\"https:\/\/zelenitragovi.com.hr\/wp-content\/uploads\/2025\/06\/VID_20240101_065237_025_027_HDR.mp4\" type=\"video\/mp4\"\/><p class=\"vjs-no-js\">To view this video please enable JavaScript, and consider upgrading to a web browser that <a href=\"http:\/\/videojs.com html5-video-support\/\" target=\"_blank\">supports HTML5 video<\/a><\/p><\/video><\/div>\n            <style>\n                .video-js {\n                    border-radius:0px;\n                }\n                .video-js canvas{\n                    border-radius:0px;\n                }\n                #pano1180 .vjs-poster {\n                    border-radius: 0px;\n                }\n            <\/style>\n            \n            <\/div><script>\n                (function (window, videojs) {\n                    var player = window.player = videojs(\"vid1180\");\n                    player.mediainfo = player.mediainfo || {};\n                    player.mediainfo.projection = \"equirectangular\";\n                \n                    \/\/ AUTO is the default and looks at mediainfo\n                    var vr = window.vr = player.vr({ projection: \"AUTO\", debug: true, forceCardboard: false, antialias: false });\n                    }(window, window.videojs));\n                \n                <\/script>\n\n\n<div style=\"height:100px\" aria-hidden=\"true\" class=\"wp-block-spacer\"><\/div>\n\n\n\n<h4 class=\"wp-block-heading\">Pje\u0161a\u010dki most<\/h4>\n\n\n\n<div style=\"height:21px\" aria-hidden=\"true\" class=\"wp-block-spacer\"><\/div>\n\n\n<div id=\"pano568\" class=\"pano-wrap \" style=\"max-width:100%; width:600px; height: 400px; border-radius:0px; margin: 0 auto;\"><div style=\"width:100%; height:100%; border-radius: 0px;\"><video id=\"vid568\" class=\"video-js vjs-default-skin vjs-big-play-centered\"   controls preload=\"auto\" style=\"width:100%; height: 100%;\" poster=\"\" ><source src=\"https:\/\/zelenitragovi.com.hr\/wp-content\/uploads\/2025\/06\/VID_20240107_101420_00_037.mp4\" type=\"video\/mp4\"\/><p class=\"vjs-no-js\">To view this video please enable JavaScript, and consider upgrading to a web browser that <a href=\"http:\/\/videojs.com html5-video-support\/\" target=\"_blank\">supports HTML5 video<\/a><\/p><\/video><\/div>\n            <style>\n                .video-js {\n                    border-radius:0px;\n                }\n                .video-js canvas{\n                    border-radius:0px;\n                }\n                #pano568 .vjs-poster {\n                    border-radius: 0px;\n                }\n            <\/style>\n            \n            <\/div><script>\n                (function (window, videojs) {\n                    var player = window.player = videojs(\"vid568\");\n                    player.mediainfo = player.mediainfo || {};\n                    player.mediainfo.projection = \"equirectangular\";\n                \n                    \/\/ AUTO is the default and looks at mediainfo\n                    var vr = window.vr = player.vr({ projection: \"AUTO\", debug: true, forceCardboard: false, antialias: false });\n                    }(window, window.videojs));\n                \n                <\/script>\n\n\n<div style=\"height:100px\" aria-hidden=\"true\" class=\"wp-block-spacer\"><\/div>\n\n\n\n<h4 class=\"wp-block-heading\">Europska avenija<\/h4>\n\n\n<div id=\"pano552\" class=\"pano-wrap \" style=\"max-width:100%; width:600px; height: 400px; border-radius:0px; margin: 0 auto;\"><div style=\"width:100%; height:100%; border-radius: 0px;\"><video id=\"vid552\" class=\"video-js vjs-default-skin vjs-big-play-centered\"   controls preload=\"auto\" style=\"width:100%; height: 100%;\" poster=\"\" ><source src=\"https:\/\/zelenitragovi.com.hr\/wp-content\/uploads\/2025\/06\/VID_20240107_100742_00_036_animation_preset1.mp4\" type=\"video\/mp4\"\/><p class=\"vjs-no-js\">To view this video please enable JavaScript, and consider upgrading to a web browser that <a href=\"http:\/\/videojs.com html5-video-support\/\" target=\"_blank\">supports HTML5 video<\/a><\/p><\/video><\/div>\n            <style>\n                .video-js {\n                    border-radius:0px;\n                }\n                .video-js canvas{\n                    border-radius:0px;\n                }\n                #pano552 .vjs-poster {\n                    border-radius: 0px;\n                }\n            <\/style>\n            \n            <\/div><script>\n                (function (window, videojs) {\n                    var player = window.player = videojs(\"vid552\");\n                    player.mediainfo = player.mediainfo || {};\n                    player.mediainfo.projection = \"equirectangular\";\n                \n                    \/\/ AUTO is the default and looks at mediainfo\n                    var vr = window.vr = player.vr({ projection: \"AUTO\", debug: true, forceCardboard: false, antialias: false });\n                    }(window, window.videojs));\n                \n                <\/script>\n\n\n<div style=\"height:100px\" aria-hidden=\"true\" class=\"wp-block-spacer\"><\/div>\n\n\n\n<h4 class=\"wp-block-heading\">Trg Ante Star\u010devi\u0107a<\/h4>\n\n\n<div id=\"pano1191\" class=\"pano-wrap \" style=\"max-width:100%; width:600px; height: 400px; border-radius:0px; margin: 0 auto;\"><div style=\"width:100%; height:100%; border-radius: 0px;\"><video id=\"vid1191\" class=\"video-js vjs-default-skin vjs-big-play-centered\"   controls preload=\"auto\" style=\"width:100%; height: 100%;\" poster=\"\" ><source src=\"https:\/\/zelenitragovi.com.hr\/wp-content\/uploads\/2025\/06\/VID_20240101_072605_00_033.mp4\" type=\"video\/mp4\"\/><p class=\"vjs-no-js\">To view this video please enable JavaScript, and consider upgrading to a web browser that <a href=\"http:\/\/videojs.com html5-video-support\/\" target=\"_blank\">supports HTML5 video<\/a><\/p><\/video><\/div>\n            <style>\n                .video-js {\n                    border-radius:0px;\n                }\n                .video-js canvas{\n                    border-radius:0px;\n                }\n                #pano1191 .vjs-poster {\n                    border-radius: 0px;\n                }\n            <\/style>\n            \n            <\/div><script>\n                (function (window, videojs) {\n                    var player = window.player = videojs(\"vid1191\");\n                    player.mediainfo = player.mediainfo || {};\n                    player.mediainfo.projection = \"equirectangular\";\n                \n                    \/\/ AUTO is the default and looks at mediainfo\n                    var vr = window.vr = player.vr({ projection: \"AUTO\", debug: true, forceCardboard: false, antialias: false });\n                    }(window, window.videojs));\n                \n                <\/script>\n\n\n<div style=\"height:100px\" aria-hidden=\"true\" class=\"wp-block-spacer\"><\/div>\n\n\n\n<h4 class=\"wp-block-heading\">Katedrala<\/h4>\n\n\n<div id=\"pano1187\" class=\"pano-wrap \" style=\"max-width:100%; width:600px; height: 400px; border-radius:0px; margin: 0 auto;\"><div style=\"width:100%; height:100%; border-radius: 0px;\"><video id=\"vid1187\" class=\"video-js vjs-default-skin vjs-big-play-centered\"   controls preload=\"auto\" style=\"width:100%; height: 100%;\" poster=\"\" ><source src=\"https:\/\/zelenitragovi.com.hr\/wp-content\/uploads\/2025\/06\/VID_20240101_072811_00_034_animation_preset1.mp4\" type=\"video\/mp4\"\/><p class=\"vjs-no-js\">To view this video please enable JavaScript, and consider upgrading to a web browser that <a href=\"http:\/\/videojs.com html5-video-support\/\" target=\"_blank\">supports HTML5 video<\/a><\/p><\/video><\/div>\n            <style>\n                .video-js {\n                    border-radius:0px;\n                }\n                .video-js canvas{\n                    border-radius:0px;\n                }\n                #pano1187 .vjs-poster {\n                    border-radius: 0px;\n                }\n            <\/style>\n            \n            <\/div><script>\n                (function (window, videojs) {\n                    var player = window.player = videojs(\"vid1187\");\n                    player.mediainfo = player.mediainfo || {};\n                    player.mediainfo.projection = \"equirectangular\";\n                \n                    \/\/ AUTO is the default and looks at mediainfo\n                    var vr = window.vr = player.vr({ projection: \"AUTO\", debug: true, forceCardboard: false, antialias: false });\n                    }(window, window.videojs));\n                \n                <\/script>\n\n\n<div style=\"height:100px\" aria-hidden=\"true\" class=\"wp-block-spacer\"><\/div>\n\n\n\n<h4 class=\"wp-block-heading\">Kapucinska ulica &#8211; Korzo<\/h4>\n\n\n<div id=\"pano563\" class=\"pano-wrap \" style=\"max-width:100%; width:600px; height: 400px; border-radius:0px; margin: 0 auto;\"><div style=\"width:100%; height:100%; border-radius: 0px;\"><video id=\"vid563\" class=\"video-js vjs-default-skin vjs-big-play-centered\"   controls preload=\"auto\" style=\"width:100%; height: 100%;\" poster=\"\" ><source src=\"https:\/\/zelenitragovi.com.hr\/wp-content\/uploads\/2025\/06\/VID_20240107_103156_00_042_animation_preset1.mp4\" type=\"video\/mp4\"\/><p class=\"vjs-no-js\">To view this video please enable JavaScript, and consider upgrading to a web browser that <a href=\"http:\/\/videojs.com html5-video-support\/\" target=\"_blank\">supports HTML5 video<\/a><\/p><\/video><\/div>\n            <style>\n                .video-js {\n                    border-radius:0px;\n                }\n                .video-js canvas{\n                    border-radius:0px;\n                }\n                #pano563 .vjs-poster {\n                    border-radius: 0px;\n                }\n            <\/style>\n            \n            <\/div><script>\n                (function (window, videojs) {\n                    var player = window.player = videojs(\"vid563\");\n                    player.mediainfo = player.mediainfo || {};\n                    player.mediainfo.projection = \"equirectangular\";\n                \n                    \/\/ AUTO is the default and looks at mediainfo\n                    var vr = window.vr = player.vr({ projection: \"AUTO\", debug: true, forceCardboard: false, antialias: false });\n                    }(window, window.videojs));\n                \n                <\/script>\n\n\n<div style=\"height:100px\" aria-hidden=\"true\" class=\"wp-block-spacer\"><\/div>\n\n\n\n<h4 class=\"wp-block-heading\">Rondel velikana<\/h4>\n\n\n<div id=\"pano523\" class=\"pano-wrap \" style=\"max-width:100%; width:600px; height: 400px; border-radius:0px; margin: 0 auto;\"><div style=\"width:100%; height:100%; border-radius: 0px;\"><video id=\"vid523\" class=\"video-js vjs-default-skin vjs-big-play-centered\"   controls preload=\"auto\" style=\"width:100%; height: 100%;\" poster=\"\" ><source src=\"https:\/\/zelenitragovi.com.hr\/wp-content\/uploads\/2025\/05\/VID_20240101_064135_00_001_animation_preset1.mp4\" type=\"video\/mp4\"\/><p class=\"vjs-no-js\">To view this video please enable JavaScript, and consider upgrading to a web browser that <a href=\"http:\/\/videojs.com html5-video-support\/\" target=\"_blank\">supports HTML5 video<\/a><\/p><\/video><\/div>\n            <style>\n                .video-js {\n                    border-radius:0px;\n                }\n                .video-js canvas{\n                    border-radius:0px;\n                }\n                #pano523 .vjs-poster {\n                    border-radius: 0px;\n                }\n            <\/style>\n            \n            <\/div><script>\n                (function (window, videojs) {\n                    var player = window.player = videojs(\"vid523\");\n                    player.mediainfo = player.mediainfo || {};\n                    player.mediainfo.projection = \"equirectangular\";\n                \n                    \/\/ AUTO is the default and looks at mediainfo\n                    var vr = window.vr = player.vr({ projection: \"AUTO\", debug: true, forceCardboard: false, antialias: false });\n                    }(window, window.videojs));\n                \n                <\/script>\n\n\n<div style=\"height:100px\" aria-hidden=\"true\" class=\"wp-block-spacer\"><\/div>\n\n\n\n<h4 class=\"wp-block-heading\">Park kralja Kre\u0161imira IV<\/h4>\n\n\n<div id=\"pano669\" class=\"pano-wrap \" style=\"max-width:100%; width:600px; height: 400px; border-radius:0px; margin: 0 auto;\"><div style=\"width:100%; height:100%; border-radius: 0px;\"><video id=\"vid669\" class=\"video-js vjs-default-skin vjs-big-play-centered\"   controls preload=\"auto\" style=\"width:100%; height: 100%;\" poster=\"\" ><source src=\"https:\/\/zelenitragovi.com.hr\/wp-content\/uploads\/2025\/06\/pcpark2.mp4\" type=\"video\/mp4\"\/><p class=\"vjs-no-js\">To view this video please enable JavaScript, and consider upgrading to a web browser that <a href=\"http:\/\/videojs.com html5-video-support\/\" target=\"_blank\">supports HTML5 video<\/a><\/p><\/video><\/div>\n            <style>\n                .video-js {\n                    border-radius:0px;\n                }\n                .video-js canvas{\n                    border-radius:0px;\n                }\n                #pano669 .vjs-poster {\n                    border-radius: 0px;\n                }\n            <\/style>\n            \n            <\/div><script>\n                (function (window, videojs) {\n                    var player = window.player = videojs(\"vid669\");\n                    player.mediainfo = player.mediainfo || {};\n                    player.mediainfo.projection = \"equirectangular\";\n                \n                    \/\/ AUTO is the default and looks at mediainfo\n                    var vr = window.vr = player.vr({ projection: \"AUTO\", debug: true, forceCardboard: false, antialias: false });\n                    }(window, window.videojs));\n                \n                <\/script>\n\n\n<div style=\"height:100px\" aria-hidden=\"true\" class=\"wp-block-spacer\"><\/div>\n\n\n\n<h4 class=\"wp-block-heading\">Trg slobode<\/h4>\n\n\n<div id=\"pano1207\" class=\"pano-wrap \" style=\"max-width:100%; width:600px; height: 400px; border-radius:0px; margin: 0 auto;\"><div style=\"width:100%; height:100%; border-radius: 0px;\"><video id=\"vid1207\" class=\"video-js vjs-default-skin vjs-big-play-centered\"   controls preload=\"auto\" style=\"width:100%; height: 100%;\" poster=\"\" ><source src=\"https:\/\/zelenitragovi.com.hr\/wp-content\/uploads\/2025\/06\/VID_20240107_103634_00_043.mp4\" type=\"video\/mp4\"\/><p class=\"vjs-no-js\">To view this video please enable JavaScript, and consider upgrading to a web browser that <a href=\"http:\/\/videojs.com html5-video-support\/\" target=\"_blank\">supports HTML5 video<\/a><\/p><\/video><\/div>\n            <style>\n                .video-js {\n                    border-radius:0px;\n                }\n                .video-js canvas{\n                    border-radius:0px;\n                }\n                #pano1207 .vjs-poster {\n                    border-radius: 0px;\n                }\n            <\/style>\n            \n            <\/div><script>\n                (function (window, videojs) {\n                    var player = window.player = videojs(\"vid1207\");\n                    player.mediainfo = player.mediainfo || {};\n                    player.mediainfo.projection = \"equirectangular\";\n                \n                    \/\/ AUTO is the default and looks at mediainfo\n                    var vr = window.vr = player.vr({ projection: \"AUTO\", debug: true, forceCardboard: false, antialias: false });\n                    }(window, window.videojs));\n                \n                <\/script>\n\n\n<div style=\"height:50px\" aria-hidden=\"true\" class=\"wp-block-spacer\"><\/div>\n\n\n\n<p><em>Autori 360\u00ba sadr\u017eaja u\u010denici Elektrotehni\u010dke i prometne \u0161kole Osijek.<\/em><\/p>\n\n\n\n<p><\/p>\n","protected":false},"excerpt":{"rendered":"<p>Tvr\u0111a Pje\u0161a\u010dki most Europska avenija Trg Ante Star\u010devi\u0107a Katedrala Kapucinska ulica &#8211; Korzo Rondel velikana Park kralja Kre\u0161imira IV Trg slobode Autori 360\u00ba sadr\u017eaja u\u010denici Elektrotehni\u010dke i prometne \u0161kole Osijek.<\/p>\n","protected":false},"author":6,"featured_media":0,"parent":0,"menu_order":0,"comment_status":"closed","ping_status":"closed","template":"","meta":{"footnotes":""},"class_list":["post-498","page","type-page","status-publish","hentry"],"_links":{"self":[{"href":"https:\/\/zelenitragovi.com.hr\/index.php\/wp-json\/wp\/v2\/pages\/498","targetHints":{"allow":["GET"]}}],"collection":[{"href":"https:\/\/zelenitragovi.com.hr\/index.php\/wp-json\/wp\/v2\/pages"}],"about":[{"href":"https:\/\/zelenitragovi.com.hr\/index.php\/wp-json\/wp\/v2\/types\/page"}],"author":[{"embeddable":true,"href":"https:\/\/zelenitragovi.com.hr\/index.php\/wp-json\/wp\/v2\/users\/6"}],"replies":[{"embeddable":true,"href":"https:\/\/zelenitragovi.com.hr\/index.php\/wp-json\/wp\/v2\/comments?post=498"}],"version-history":[{"count":34,"href":"https:\/\/zelenitragovi.com.hr\/index.php\/wp-json\/wp\/v2\/pages\/498\/revisions"}],"predecessor-version":[{"id":1212,"href":"https:\/\/zelenitragovi.com.hr\/index.php\/wp-json\/wp\/v2\/pages\/498\/revisions\/1212"}],"wp:attachment":[{"href":"https:\/\/zelenitragovi.com.hr\/index.php\/wp-json\/wp\/v2\/media?parent=498"}],"curies":[{"name":"wp","href":"https:\/\/api.w.org\/{rel}","templated":true}]}}