{"id":595,"date":"2025-06-06T16:41:53","date_gmt":"2025-06-06T16:41:53","guid":{"rendered":"https:\/\/zelenitragovi.com.hr\/?page_id=595"},"modified":"2025-06-09T00:37:35","modified_gmt":"2025-06-09T00:37:35","slug":"aplikacija","status":"publish","type":"page","link":"https:\/\/zelenitragovi.com.hr\/index.php\/aplikacija\/","title":{"rendered":"Aplikacija"},"content":{"rendered":"\n<p>Aplikacija CSI: Zeleni tragovi pro\u0161losti omogu\u0107ava korisniku pregled osnovnih informacije o projektu, informacije o \u0161kolama, sudionicama projekta, kao i pridru\u017eenim partnerskim ustanovama. Isto tako mo\u017eete saznati koji su zeleni na\u010dini kretanja. Korisnik klikom na preporu\u010dene rute mo\u017ee vidjeti nekoliko zanimljivih ruta kao na\u0161u preporuku svakom turistu koji posjeti Osijek.<\/p>\n\n\n\n<div style=\"height:30px\" aria-hidden=\"true\" class=\"wp-block-spacer\"><\/div>\n\n\n\n<figure class=\"wp-block-gallery has-nested-images columns-4 is-cropped has-pale-cyan-blue-background-color has-background wp-block-gallery-1 is-layout-flex wp-block-gallery-is-layout-flex\">\n<figure class=\"wp-block-image size-large\"><img loading=\"lazy\" decoding=\"async\" width=\"461\" height=\"1024\" data-id=\"1146\" src=\"https:\/\/zelenitragovi.com.hr\/wp-content\/uploads\/2025\/06\/shared-image-76-461x1024.jpg\" alt=\"\" class=\"wp-image-1146\" srcset=\"https:\/\/zelenitragovi.com.hr\/wp-content\/uploads\/2025\/06\/shared-image-76-461x1024.jpg 461w, https:\/\/zelenitragovi.com.hr\/wp-content\/uploads\/2025\/06\/shared-image-76-135x300.jpg 135w, https:\/\/zelenitragovi.com.hr\/wp-content\/uploads\/2025\/06\/shared-image-76-768x1707.jpg 768w, https:\/\/zelenitragovi.com.hr\/wp-content\/uploads\/2025\/06\/shared-image-76-691x1536.jpg 691w, https:\/\/zelenitragovi.com.hr\/wp-content\/uploads\/2025\/06\/shared-image-76-922x2048.jpg 922w, https:\/\/zelenitragovi.com.hr\/wp-content\/uploads\/2025\/06\/shared-image-76.jpg 1080w\" sizes=\"auto, (max-width: 461px) 100vw, 461px\" \/><\/figure>\n\n\n\n<figure class=\"wp-block-image size-large\"><img loading=\"lazy\" decoding=\"async\" width=\"461\" height=\"1024\" data-id=\"1149\" src=\"https:\/\/zelenitragovi.com.hr\/wp-content\/uploads\/2025\/06\/shared-image-77-461x1024.jpg\" alt=\"\" class=\"wp-image-1149\" srcset=\"https:\/\/zelenitragovi.com.hr\/wp-content\/uploads\/2025\/06\/shared-image-77-461x1024.jpg 461w, https:\/\/zelenitragovi.com.hr\/wp-content\/uploads\/2025\/06\/shared-image-77-135x300.jpg 135w, https:\/\/zelenitragovi.com.hr\/wp-content\/uploads\/2025\/06\/shared-image-77-768x1707.jpg 768w, https:\/\/zelenitragovi.com.hr\/wp-content\/uploads\/2025\/06\/shared-image-77-691x1536.jpg 691w, https:\/\/zelenitragovi.com.hr\/wp-content\/uploads\/2025\/06\/shared-image-77-922x2048.jpg 922w, https:\/\/zelenitragovi.com.hr\/wp-content\/uploads\/2025\/06\/shared-image-77.jpg 1080w\" sizes=\"auto, (max-width: 461px) 100vw, 461px\" \/><\/figure>\n\n\n\n<figure class=\"wp-block-image size-large\"><img loading=\"lazy\" decoding=\"async\" width=\"461\" height=\"1024\" data-id=\"1145\" src=\"https:\/\/zelenitragovi.com.hr\/wp-content\/uploads\/2025\/06\/shared-image-86-461x1024.jpg\" alt=\"\" class=\"wp-image-1145\" srcset=\"https:\/\/zelenitragovi.com.hr\/wp-content\/uploads\/2025\/06\/shared-image-86-461x1024.jpg 461w, https:\/\/zelenitragovi.com.hr\/wp-content\/uploads\/2025\/06\/shared-image-86-135x300.jpg 135w, https:\/\/zelenitragovi.com.hr\/wp-content\/uploads\/2025\/06\/shared-image-86-768x1707.jpg 768w, https:\/\/zelenitragovi.com.hr\/wp-content\/uploads\/2025\/06\/shared-image-86-691x1536.jpg 691w, https:\/\/zelenitragovi.com.hr\/wp-content\/uploads\/2025\/06\/shared-image-86-922x2048.jpg 922w, https:\/\/zelenitragovi.com.hr\/wp-content\/uploads\/2025\/06\/shared-image-86.jpg 1080w\" sizes=\"auto, (max-width: 461px) 100vw, 461px\" \/><\/figure>\n\n\n\n<figure class=\"wp-block-image size-large\"><img loading=\"lazy\" decoding=\"async\" width=\"461\" height=\"1024\" data-id=\"1148\" src=\"https:\/\/zelenitragovi.com.hr\/wp-content\/uploads\/2025\/06\/shared-image-78-461x1024.jpg\" alt=\"\" class=\"wp-image-1148\" srcset=\"https:\/\/zelenitragovi.com.hr\/wp-content\/uploads\/2025\/06\/shared-image-78-461x1024.jpg 461w, https:\/\/zelenitragovi.com.hr\/wp-content\/uploads\/2025\/06\/shared-image-78-135x300.jpg 135w, https:\/\/zelenitragovi.com.hr\/wp-content\/uploads\/2025\/06\/shared-image-78-768x1707.jpg 768w, https:\/\/zelenitragovi.com.hr\/wp-content\/uploads\/2025\/06\/shared-image-78-691x1536.jpg 691w, https:\/\/zelenitragovi.com.hr\/wp-content\/uploads\/2025\/06\/shared-image-78-922x2048.jpg 922w, https:\/\/zelenitragovi.com.hr\/wp-content\/uploads\/2025\/06\/shared-image-78.jpg 1080w\" sizes=\"auto, (max-width: 461px) 100vw, 461px\" \/><\/figure>\n\n\n\n<figure class=\"wp-block-image size-large\"><img loading=\"lazy\" decoding=\"async\" width=\"461\" height=\"1024\" data-id=\"1143\" src=\"https:\/\/zelenitragovi.com.hr\/wp-content\/uploads\/2025\/06\/shared-image-69-461x1024.jpg\" alt=\"\" class=\"wp-image-1143\" srcset=\"https:\/\/zelenitragovi.com.hr\/wp-content\/uploads\/2025\/06\/shared-image-69-461x1024.jpg 461w, https:\/\/zelenitragovi.com.hr\/wp-content\/uploads\/2025\/06\/shared-image-69-135x300.jpg 135w, https:\/\/zelenitragovi.com.hr\/wp-content\/uploads\/2025\/06\/shared-image-69-768x1707.jpg 768w, https:\/\/zelenitragovi.com.hr\/wp-content\/uploads\/2025\/06\/shared-image-69-691x1536.jpg 691w, https:\/\/zelenitragovi.com.hr\/wp-content\/uploads\/2025\/06\/shared-image-69-922x2048.jpg 922w, https:\/\/zelenitragovi.com.hr\/wp-content\/uploads\/2025\/06\/shared-image-69.jpg 1080w\" sizes=\"auto, (max-width: 461px) 100vw, 461px\" \/><\/figure>\n\n\n\n<figure class=\"wp-block-image size-large\"><img loading=\"lazy\" decoding=\"async\" width=\"461\" height=\"1024\" data-id=\"1139\" src=\"https:\/\/zelenitragovi.com.hr\/wp-content\/uploads\/2025\/06\/shared-image-73-461x1024.jpg\" alt=\"\" class=\"wp-image-1139\" srcset=\"https:\/\/zelenitragovi.com.hr\/wp-content\/uploads\/2025\/06\/shared-image-73-461x1024.jpg 461w, https:\/\/zelenitragovi.com.hr\/wp-content\/uploads\/2025\/06\/shared-image-73-135x300.jpg 135w, https:\/\/zelenitragovi.com.hr\/wp-content\/uploads\/2025\/06\/shared-image-73-768x1707.jpg 768w, https:\/\/zelenitragovi.com.hr\/wp-content\/uploads\/2025\/06\/shared-image-73-691x1536.jpg 691w, https:\/\/zelenitragovi.com.hr\/wp-content\/uploads\/2025\/06\/shared-image-73-922x2048.jpg 922w, https:\/\/zelenitragovi.com.hr\/wp-content\/uploads\/2025\/06\/shared-image-73.jpg 1080w\" sizes=\"auto, (max-width: 461px) 100vw, 461px\" \/><\/figure>\n\n\n\n<figure class=\"wp-block-image size-large\"><img loading=\"lazy\" decoding=\"async\" width=\"461\" height=\"1024\" data-id=\"1140\" src=\"https:\/\/zelenitragovi.com.hr\/wp-content\/uploads\/2025\/06\/shared-image-72-461x1024.jpg\" alt=\"\" class=\"wp-image-1140\" srcset=\"https:\/\/zelenitragovi.com.hr\/wp-content\/uploads\/2025\/06\/shared-image-72-461x1024.jpg 461w, https:\/\/zelenitragovi.com.hr\/wp-content\/uploads\/2025\/06\/shared-image-72-135x300.jpg 135w, https:\/\/zelenitragovi.com.hr\/wp-content\/uploads\/2025\/06\/shared-image-72-768x1707.jpg 768w, https:\/\/zelenitragovi.com.hr\/wp-content\/uploads\/2025\/06\/shared-image-72-691x1536.jpg 691w, https:\/\/zelenitragovi.com.hr\/wp-content\/uploads\/2025\/06\/shared-image-72-922x2048.jpg 922w, https:\/\/zelenitragovi.com.hr\/wp-content\/uploads\/2025\/06\/shared-image-72.jpg 1080w\" sizes=\"auto, (max-width: 461px) 100vw, 461px\" \/><\/figure>\n\n\n\n<figure class=\"wp-block-image size-large\"><img loading=\"lazy\" decoding=\"async\" width=\"461\" height=\"1024\" data-id=\"1151\" src=\"https:\/\/zelenitragovi.com.hr\/wp-content\/uploads\/2025\/06\/shared-image-80-461x1024.jpg\" alt=\"\" class=\"wp-image-1151\" srcset=\"https:\/\/zelenitragovi.com.hr\/wp-content\/uploads\/2025\/06\/shared-image-80-461x1024.jpg 461w, https:\/\/zelenitragovi.com.hr\/wp-content\/uploads\/2025\/06\/shared-image-80-135x300.jpg 135w, https:\/\/zelenitragovi.com.hr\/wp-content\/uploads\/2025\/06\/shared-image-80-768x1707.jpg 768w, https:\/\/zelenitragovi.com.hr\/wp-content\/uploads\/2025\/06\/shared-image-80-691x1536.jpg 691w, https:\/\/zelenitragovi.com.hr\/wp-content\/uploads\/2025\/06\/shared-image-80-922x2048.jpg 922w, https:\/\/zelenitragovi.com.hr\/wp-content\/uploads\/2025\/06\/shared-image-80.jpg 1080w\" sizes=\"auto, (max-width: 461px) 100vw, 461px\" \/><\/figure>\n<\/figure>\n\n\n\n<div style=\"height:30px\" aria-hidden=\"true\" class=\"wp-block-spacer\"><\/div>\n\n\n\n<p>Kikom na mapu korisnik pristupa mapi s lokacijama \u0161to posjetitelj mo\u017ee raditi u Osijeku, podijeljenima u devet kategorija:<\/p>\n\n\n\n<ul class=\"wp-block-list\">\n<li>Parkovi i vrtovi<\/li>\n\n\n\n<li>Sport i rekreacija<\/li>\n\n\n\n<li>Hrana i pi\u0107e<\/li>\n\n\n\n<li>Kvartovi<\/li>\n\n\n\n<li>10 top lokacija u Osijeku<\/li>\n\n\n\n<li>Umjetnost i kultura<\/li>\n\n\n\n<li>No\u0107ni \u017eivot<\/li>\n\n\n\n<li>Shopping<\/li>\n\n\n\n<li>Osijek za klince <\/li>\n<\/ul>\n\n\n\n<p>Filter omogu\u0107uje odabir jedne ili vi\u0161e kategorija koje posjetitelji mogu odabrati. Klikom na odre\u0111enu destinaciju prikazuju se fotografije i kratki opis lokacije te video razglednice.<\/p>\n\n\n\n<div style=\"height:30px\" aria-hidden=\"true\" class=\"wp-block-spacer\"><\/div>\n\n\n\n<figure class=\"wp-block-gallery has-nested-images columns-4 is-cropped has-pale-cyan-blue-background-color has-background wp-block-gallery-2 is-layout-flex wp-block-gallery-is-layout-flex\">\n<figure class=\"wp-block-image size-large\"><img loading=\"lazy\" decoding=\"async\" width=\"360\" height=\"800\" data-id=\"697\" src=\"https:\/\/zelenitragovi.com.hr\/wp-content\/uploads\/2025\/06\/shared-image-18.jpg\" alt=\"\" class=\"wp-image-697\" srcset=\"https:\/\/zelenitragovi.com.hr\/wp-content\/uploads\/2025\/06\/shared-image-18.jpg 360w, https:\/\/zelenitragovi.com.hr\/wp-content\/uploads\/2025\/06\/shared-image-18-135x300.jpg 135w\" sizes=\"auto, (max-width: 360px) 100vw, 360px\" \/><\/figure>\n\n\n\n<figure class=\"wp-block-image size-large\"><img loading=\"lazy\" decoding=\"async\" width=\"360\" height=\"800\" data-id=\"698\" src=\"https:\/\/zelenitragovi.com.hr\/wp-content\/uploads\/2025\/06\/shared-image-16.jpg\" alt=\"\" class=\"wp-image-698\" srcset=\"https:\/\/zelenitragovi.com.hr\/wp-content\/uploads\/2025\/06\/shared-image-16.jpg 360w, https:\/\/zelenitragovi.com.hr\/wp-content\/uploads\/2025\/06\/shared-image-16-135x300.jpg 135w\" sizes=\"auto, (max-width: 360px) 100vw, 360px\" \/><\/figure>\n\n\n\n<figure class=\"wp-block-image size-large\"><img loading=\"lazy\" decoding=\"async\" width=\"461\" height=\"1024\" data-id=\"699\" src=\"https:\/\/zelenitragovi.com.hr\/wp-content\/uploads\/2025\/06\/shared-image-17-461x1024.jpg\" alt=\"\" class=\"wp-image-699\" srcset=\"https:\/\/zelenitragovi.com.hr\/wp-content\/uploads\/2025\/06\/shared-image-17-461x1024.jpg 461w, https:\/\/zelenitragovi.com.hr\/wp-content\/uploads\/2025\/06\/shared-image-17-135x300.jpg 135w, https:\/\/zelenitragovi.com.hr\/wp-content\/uploads\/2025\/06\/shared-image-17-768x1707.jpg 768w, https:\/\/zelenitragovi.com.hr\/wp-content\/uploads\/2025\/06\/shared-image-17-691x1536.jpg 691w, https:\/\/zelenitragovi.com.hr\/wp-content\/uploads\/2025\/06\/shared-image-17-922x2048.jpg 922w, https:\/\/zelenitragovi.com.hr\/wp-content\/uploads\/2025\/06\/shared-image-17.jpg 1080w\" sizes=\"auto, (max-width: 461px) 100vw, 461px\" \/><\/figure>\n\n\n\n<figure class=\"wp-block-image size-large\"><img loading=\"lazy\" decoding=\"async\" width=\"461\" height=\"1024\" data-id=\"711\" src=\"https:\/\/zelenitragovi.com.hr\/wp-content\/uploads\/2025\/06\/shared-image-20-461x1024.jpg\" alt=\"\" class=\"wp-image-711\" srcset=\"https:\/\/zelenitragovi.com.hr\/wp-content\/uploads\/2025\/06\/shared-image-20-461x1024.jpg 461w, https:\/\/zelenitragovi.com.hr\/wp-content\/uploads\/2025\/06\/shared-image-20-135x300.jpg 135w, https:\/\/zelenitragovi.com.hr\/wp-content\/uploads\/2025\/06\/shared-image-20-768x1707.jpg 768w, https:\/\/zelenitragovi.com.hr\/wp-content\/uploads\/2025\/06\/shared-image-20-691x1536.jpg 691w, https:\/\/zelenitragovi.com.hr\/wp-content\/uploads\/2025\/06\/shared-image-20-922x2048.jpg 922w, https:\/\/zelenitragovi.com.hr\/wp-content\/uploads\/2025\/06\/shared-image-20.jpg 1080w\" sizes=\"auto, (max-width: 461px) 100vw, 461px\" \/><\/figure>\n\n\n\n<figure class=\"wp-block-image size-large\"><img loading=\"lazy\" decoding=\"async\" width=\"461\" height=\"1024\" data-id=\"701\" src=\"https:\/\/zelenitragovi.com.hr\/wp-content\/uploads\/2025\/06\/shared-image-19-461x1024.jpg\" alt=\"\" class=\"wp-image-701\" srcset=\"https:\/\/zelenitragovi.com.hr\/wp-content\/uploads\/2025\/06\/shared-image-19-461x1024.jpg 461w, https:\/\/zelenitragovi.com.hr\/wp-content\/uploads\/2025\/06\/shared-image-19-135x300.jpg 135w, https:\/\/zelenitragovi.com.hr\/wp-content\/uploads\/2025\/06\/shared-image-19-768x1707.jpg 768w, https:\/\/zelenitragovi.com.hr\/wp-content\/uploads\/2025\/06\/shared-image-19-691x1536.jpg 691w, https:\/\/zelenitragovi.com.hr\/wp-content\/uploads\/2025\/06\/shared-image-19-922x2048.jpg 922w, https:\/\/zelenitragovi.com.hr\/wp-content\/uploads\/2025\/06\/shared-image-19.jpg 1080w\" sizes=\"auto, (max-width: 461px) 100vw, 461px\" \/><\/figure>\n\n\n\n<figure class=\"wp-block-image size-large\"><img loading=\"lazy\" decoding=\"async\" width=\"461\" height=\"1024\" data-id=\"707\" src=\"https:\/\/zelenitragovi.com.hr\/wp-content\/uploads\/2025\/06\/shared-image-22-461x1024.jpg\" alt=\"\" class=\"wp-image-707\" srcset=\"https:\/\/zelenitragovi.com.hr\/wp-content\/uploads\/2025\/06\/shared-image-22-461x1024.jpg 461w, https:\/\/zelenitragovi.com.hr\/wp-content\/uploads\/2025\/06\/shared-image-22-135x300.jpg 135w, https:\/\/zelenitragovi.com.hr\/wp-content\/uploads\/2025\/06\/shared-image-22-768x1707.jpg 768w, https:\/\/zelenitragovi.com.hr\/wp-content\/uploads\/2025\/06\/shared-image-22-691x1536.jpg 691w, https:\/\/zelenitragovi.com.hr\/wp-content\/uploads\/2025\/06\/shared-image-22-922x2048.jpg 922w, https:\/\/zelenitragovi.com.hr\/wp-content\/uploads\/2025\/06\/shared-image-22.jpg 1080w\" sizes=\"auto, (max-width: 461px) 100vw, 461px\" \/><\/figure>\n\n\n\n<figure class=\"wp-block-image size-large\"><img loading=\"lazy\" decoding=\"async\" width=\"461\" height=\"1024\" data-id=\"710\" src=\"https:\/\/zelenitragovi.com.hr\/wp-content\/uploads\/2025\/06\/shared-image-21-461x1024.jpg\" alt=\"\" class=\"wp-image-710\" srcset=\"https:\/\/zelenitragovi.com.hr\/wp-content\/uploads\/2025\/06\/shared-image-21-461x1024.jpg 461w, https:\/\/zelenitragovi.com.hr\/wp-content\/uploads\/2025\/06\/shared-image-21-135x300.jpg 135w, https:\/\/zelenitragovi.com.hr\/wp-content\/uploads\/2025\/06\/shared-image-21-768x1707.jpg 768w, https:\/\/zelenitragovi.com.hr\/wp-content\/uploads\/2025\/06\/shared-image-21-691x1536.jpg 691w, https:\/\/zelenitragovi.com.hr\/wp-content\/uploads\/2025\/06\/shared-image-21-922x2048.jpg 922w, https:\/\/zelenitragovi.com.hr\/wp-content\/uploads\/2025\/06\/shared-image-21.jpg 1080w\" sizes=\"auto, (max-width: 461px) 100vw, 461px\" \/><\/figure>\n\n\n\n<figure class=\"wp-block-image size-large\"><img loading=\"lazy\" decoding=\"async\" width=\"461\" height=\"1024\" data-id=\"700\" src=\"https:\/\/zelenitragovi.com.hr\/wp-content\/uploads\/2025\/06\/shared-image-14-461x1024.jpg\" alt=\"\" class=\"wp-image-700\" srcset=\"https:\/\/zelenitragovi.com.hr\/wp-content\/uploads\/2025\/06\/shared-image-14-461x1024.jpg 461w, https:\/\/zelenitragovi.com.hr\/wp-content\/uploads\/2025\/06\/shared-image-14-135x300.jpg 135w, https:\/\/zelenitragovi.com.hr\/wp-content\/uploads\/2025\/06\/shared-image-14-768x1707.jpg 768w, https:\/\/zelenitragovi.com.hr\/wp-content\/uploads\/2025\/06\/shared-image-14-691x1536.jpg 691w, https:\/\/zelenitragovi.com.hr\/wp-content\/uploads\/2025\/06\/shared-image-14-922x2048.jpg 922w, https:\/\/zelenitragovi.com.hr\/wp-content\/uploads\/2025\/06\/shared-image-14.jpg 1080w\" sizes=\"auto, (max-width: 461px) 100vw, 461px\" \/><\/figure>\n<\/figure>\n\n\n\n<div style=\"height:30px\" aria-hidden=\"true\" class=\"wp-block-spacer\"><\/div>\n\n\n\n<p>Ukoliko korisnik uklju\u010di na svom mobilnom ure\u0111aju lokaciju, mapa \u0107e izbaciti udaljenost i vrijeme do \u017eeljene destinacije, kao i ozna\u010denu rutu koja korisnika vodi do \u017eeljenog cilja. Rutu je mogu\u0107e podijeliti putem dru\u0161tvenih mre\u017ea ili aplikacije WhatApp. Ukoliko korisnik bira opciju automobil, aplikacija se spaja na Google Maps i nudi raspolo\u017eive opcije.<\/p>\n\n\n\n<div style=\"height:30px\" aria-hidden=\"true\" class=\"wp-block-spacer\"><\/div>\n\n\n\n<figure class=\"wp-block-gallery has-nested-images columns-4 is-cropped has-pale-cyan-blue-background-color has-background wp-block-gallery-3 is-layout-flex wp-block-gallery-is-layout-flex\">\n<figure class=\"wp-block-image size-large\"><img loading=\"lazy\" decoding=\"async\" width=\"461\" height=\"1024\" data-id=\"602\" src=\"https:\/\/zelenitragovi.com.hr\/wp-content\/uploads\/2025\/06\/shared-image-3-461x1024.jpg\" alt=\"\" class=\"wp-image-602\" srcset=\"https:\/\/zelenitragovi.com.hr\/wp-content\/uploads\/2025\/06\/shared-image-3-461x1024.jpg 461w, https:\/\/zelenitragovi.com.hr\/wp-content\/uploads\/2025\/06\/shared-image-3-135x300.jpg 135w, https:\/\/zelenitragovi.com.hr\/wp-content\/uploads\/2025\/06\/shared-image-3-768x1707.jpg 768w, https:\/\/zelenitragovi.com.hr\/wp-content\/uploads\/2025\/06\/shared-image-3-691x1536.jpg 691w, https:\/\/zelenitragovi.com.hr\/wp-content\/uploads\/2025\/06\/shared-image-3-922x2048.jpg 922w, https:\/\/zelenitragovi.com.hr\/wp-content\/uploads\/2025\/06\/shared-image-3.jpg 1080w\" sizes=\"auto, (max-width: 461px) 100vw, 461px\" \/><\/figure>\n\n\n\n<figure class=\"wp-block-image size-large\"><img loading=\"lazy\" decoding=\"async\" width=\"461\" height=\"1024\" data-id=\"597\" src=\"https:\/\/zelenitragovi.com.hr\/wp-content\/uploads\/2025\/06\/shared-image-5-461x1024.jpg\" alt=\"\" class=\"wp-image-597\" srcset=\"https:\/\/zelenitragovi.com.hr\/wp-content\/uploads\/2025\/06\/shared-image-5-461x1024.jpg 461w, https:\/\/zelenitragovi.com.hr\/wp-content\/uploads\/2025\/06\/shared-image-5-135x300.jpg 135w, https:\/\/zelenitragovi.com.hr\/wp-content\/uploads\/2025\/06\/shared-image-5-768x1707.jpg 768w, https:\/\/zelenitragovi.com.hr\/wp-content\/uploads\/2025\/06\/shared-image-5-691x1536.jpg 691w, https:\/\/zelenitragovi.com.hr\/wp-content\/uploads\/2025\/06\/shared-image-5-922x2048.jpg 922w, https:\/\/zelenitragovi.com.hr\/wp-content\/uploads\/2025\/06\/shared-image-5.jpg 1080w\" sizes=\"auto, (max-width: 461px) 100vw, 461px\" \/><\/figure>\n\n\n\n<figure class=\"wp-block-image size-large\"><img loading=\"lazy\" decoding=\"async\" width=\"461\" height=\"1024\" data-id=\"606\" src=\"https:\/\/zelenitragovi.com.hr\/wp-content\/uploads\/2025\/06\/Medijski-sadrzaj-1-461x1024.jpg\" alt=\"\" class=\"wp-image-606\" srcset=\"https:\/\/zelenitragovi.com.hr\/wp-content\/uploads\/2025\/06\/Medijski-sadrzaj-1-461x1024.jpg 461w, https:\/\/zelenitragovi.com.hr\/wp-content\/uploads\/2025\/06\/Medijski-sadrzaj-1-135x300.jpg 135w, https:\/\/zelenitragovi.com.hr\/wp-content\/uploads\/2025\/06\/Medijski-sadrzaj-1-768x1707.jpg 768w, https:\/\/zelenitragovi.com.hr\/wp-content\/uploads\/2025\/06\/Medijski-sadrzaj-1-691x1536.jpg 691w, https:\/\/zelenitragovi.com.hr\/wp-content\/uploads\/2025\/06\/Medijski-sadrzaj-1-922x2048.jpg 922w, https:\/\/zelenitragovi.com.hr\/wp-content\/uploads\/2025\/06\/Medijski-sadrzaj-1.jpg 1080w\" sizes=\"auto, (max-width: 461px) 100vw, 461px\" \/><\/figure>\n\n\n\n<figure class=\"wp-block-image size-large\"><img loading=\"lazy\" decoding=\"async\" width=\"461\" height=\"1024\" data-id=\"607\" src=\"https:\/\/zelenitragovi.com.hr\/wp-content\/uploads\/2025\/06\/Medijski-sadrzaj-461x1024.jpg\" alt=\"\" class=\"wp-image-607\" srcset=\"https:\/\/zelenitragovi.com.hr\/wp-content\/uploads\/2025\/06\/Medijski-sadrzaj-461x1024.jpg 461w, https:\/\/zelenitragovi.com.hr\/wp-content\/uploads\/2025\/06\/Medijski-sadrzaj-135x300.jpg 135w, https:\/\/zelenitragovi.com.hr\/wp-content\/uploads\/2025\/06\/Medijski-sadrzaj-768x1707.jpg 768w, https:\/\/zelenitragovi.com.hr\/wp-content\/uploads\/2025\/06\/Medijski-sadrzaj-691x1536.jpg 691w, https:\/\/zelenitragovi.com.hr\/wp-content\/uploads\/2025\/06\/Medijski-sadrzaj-922x2048.jpg 922w, https:\/\/zelenitragovi.com.hr\/wp-content\/uploads\/2025\/06\/Medijski-sadrzaj.jpg 1080w\" sizes=\"auto, (max-width: 461px) 100vw, 461px\" \/><\/figure>\n<\/figure>\n\n\n\n<div style=\"height:30px\" aria-hidden=\"true\" class=\"wp-block-spacer\"><\/div>\n\n\n\n<p>Za preuzimanje mobilne aplikacije na svoj mobilni ure\u0111aj potrebno je odobriti preuzimanje aplikacija iz drugih izvora, zatim kliknuti na <a href=\"https:\/\/drive.google.com\/file\/d\/18XmynHyt-2DzPF7uU_z4ktn1OaNo3fEm\/view?usp=drive_link\">poveznicu<\/a>. Nakon instalacije mo\u017eete pokrenuti pretragu zanimljivih osje\u010dkih lokacija pomo\u0107u ugra\u0111ene mape.<\/p>\n\n\n\n<figure class=\"wp-block-gallery has-nested-images columns-default is-cropped wp-block-gallery-4 is-layout-flex wp-block-gallery-is-layout-flex\">\n<figure class=\"wp-block-image size-large\"><img loading=\"lazy\" decoding=\"async\" width=\"461\" height=\"1024\" data-id=\"1152\" src=\"https:\/\/zelenitragovi.com.hr\/wp-content\/uploads\/2025\/06\/shared-image-85-461x1024.jpg\" alt=\"\" class=\"wp-image-1152\" srcset=\"https:\/\/zelenitragovi.com.hr\/wp-content\/uploads\/2025\/06\/shared-image-85-461x1024.jpg 461w, https:\/\/zelenitragovi.com.hr\/wp-content\/uploads\/2025\/06\/shared-image-85-135x300.jpg 135w, https:\/\/zelenitragovi.com.hr\/wp-content\/uploads\/2025\/06\/shared-image-85-768x1707.jpg 768w, https:\/\/zelenitragovi.com.hr\/wp-content\/uploads\/2025\/06\/shared-image-85-691x1536.jpg 691w, https:\/\/zelenitragovi.com.hr\/wp-content\/uploads\/2025\/06\/shared-image-85-922x2048.jpg 922w, https:\/\/zelenitragovi.com.hr\/wp-content\/uploads\/2025\/06\/shared-image-85.jpg 1080w\" sizes=\"auto, (max-width: 461px) 100vw, 461px\" \/><\/figure>\n\n\n\n<figure class=\"wp-block-image size-large\"><img loading=\"lazy\" decoding=\"async\" width=\"461\" height=\"1024\" data-id=\"1153\" src=\"https:\/\/zelenitragovi.com.hr\/wp-content\/uploads\/2025\/06\/shared-image-87-461x1024.jpg\" alt=\"\" class=\"wp-image-1153\" srcset=\"https:\/\/zelenitragovi.com.hr\/wp-content\/uploads\/2025\/06\/shared-image-87-461x1024.jpg 461w, https:\/\/zelenitragovi.com.hr\/wp-content\/uploads\/2025\/06\/shared-image-87-135x300.jpg 135w, https:\/\/zelenitragovi.com.hr\/wp-content\/uploads\/2025\/06\/shared-image-87-768x1707.jpg 768w, https:\/\/zelenitragovi.com.hr\/wp-content\/uploads\/2025\/06\/shared-image-87-691x1536.jpg 691w, https:\/\/zelenitragovi.com.hr\/wp-content\/uploads\/2025\/06\/shared-image-87-922x2048.jpg 922w, https:\/\/zelenitragovi.com.hr\/wp-content\/uploads\/2025\/06\/shared-image-87.jpg 1080w\" sizes=\"auto, (max-width: 461px) 100vw, 461px\" \/><\/figure>\n\n\n\n<figure class=\"wp-block-image size-large\"><img loading=\"lazy\" decoding=\"async\" width=\"461\" height=\"1024\" data-id=\"1154\" src=\"https:\/\/zelenitragovi.com.hr\/wp-content\/uploads\/2025\/06\/shared-image-83-461x1024.jpg\" alt=\"\" class=\"wp-image-1154\" srcset=\"https:\/\/zelenitragovi.com.hr\/wp-content\/uploads\/2025\/06\/shared-image-83-461x1024.jpg 461w, https:\/\/zelenitragovi.com.hr\/wp-content\/uploads\/2025\/06\/shared-image-83-135x300.jpg 135w, https:\/\/zelenitragovi.com.hr\/wp-content\/uploads\/2025\/06\/shared-image-83-768x1707.jpg 768w, https:\/\/zelenitragovi.com.hr\/wp-content\/uploads\/2025\/06\/shared-image-83-691x1536.jpg 691w, https:\/\/zelenitragovi.com.hr\/wp-content\/uploads\/2025\/06\/shared-image-83-922x2048.jpg 922w, https:\/\/zelenitragovi.com.hr\/wp-content\/uploads\/2025\/06\/shared-image-83.jpg 1080w\" sizes=\"auto, (max-width: 461px) 100vw, 461px\" \/><\/figure>\n<\/figure>\n\n\n\n<div style=\"height:30px\" aria-hidden=\"true\" class=\"wp-block-spacer\"><\/div>\n\n\n\n<p><strong>Demo video aplikacije<\/strong><\/p>\n\n\n\n<figure class=\"wp-block-video\"><video height=\"1920\" style=\"aspect-ratio: 1080 \/ 1920;\" width=\"1080\" controls src=\"https:\/\/zelenitragovi.com.hr\/wp-content\/uploads\/2025\/06\/Demo.mp4\"><\/video><\/figure>\n\n\n\n<div style=\"height:30px\" aria-hidden=\"true\" class=\"wp-block-spacer\"><\/div>\n\n\n\n<p><em>Aplikaciju i mapu izradili u\u010denici, zanimanja tehni\u010dar za ra\u010dunalstvo, Elektrotehni\u010dke i prometne \u0161kole Osijek.<\/em><\/p>\n","protected":false},"excerpt":{"rendered":"<p>Aplikacija CSI: Zeleni tragovi pro\u0161losti omogu\u0107ava korisniku pregled osnovnih informacije o projektu, informacije o \u0161kolama, sudionicama projekta, kao i pridru\u017eenim partnerskim ustanovama. Isto tako mo\u017eete saznati koji su zeleni na\u010dini kretanja. Korisnik klikom na preporu\u010dene rute mo\u017ee vidjeti nekoliko zanimljivih ruta kao na\u0161u preporuku svakom turistu koji posjeti Osijek. Kikom na mapu korisnik pristupa mapi [&hellip;]<\/p>\n","protected":false},"author":6,"featured_media":0,"parent":0,"menu_order":0,"comment_status":"closed","ping_status":"closed","template":"","meta":{"footnotes":""},"class_list":["post-595","page","type-page","status-publish","hentry"],"_links":{"self":[{"href":"https:\/\/zelenitragovi.com.hr\/index.php\/wp-json\/wp\/v2\/pages\/595","targetHints":{"allow":["GET"]}}],"collection":[{"href":"https:\/\/zelenitragovi.com.hr\/index.php\/wp-json\/wp\/v2\/pages"}],"about":[{"href":"https:\/\/zelenitragovi.com.hr\/index.php\/wp-json\/wp\/v2\/types\/page"}],"author":[{"embeddable":true,"href":"https:\/\/zelenitragovi.com.hr\/index.php\/wp-json\/wp\/v2\/users\/6"}],"replies":[{"embeddable":true,"href":"https:\/\/zelenitragovi.com.hr\/index.php\/wp-json\/wp\/v2\/comments?post=595"}],"version-history":[{"count":32,"href":"https:\/\/zelenitragovi.com.hr\/index.php\/wp-json\/wp\/v2\/pages\/595\/revisions"}],"predecessor-version":[{"id":1179,"href":"https:\/\/zelenitragovi.com.hr\/index.php\/wp-json\/wp\/v2\/pages\/595\/revisions\/1179"}],"wp:attachment":[{"href":"https:\/\/zelenitragovi.com.hr\/index.php\/wp-json\/wp\/v2\/media?parent=595"}],"curies":[{"name":"wp","href":"https:\/\/api.w.org\/{rel}","templated":true}]}}